{"id":97,"date":"2013-04-23T10:59:43","date_gmt":"2013-04-23T09:59:43","guid":{"rendered":"http:\/\/cavul.dev.univ-lille3.fr\/~raf\/egypto\/?page_id=97"},"modified":"2023-10-06T09:51:09","modified_gmt":"2023-10-06T07:51:09","slug":"accueil-2","status":"publish","type":"page","link":"https:\/\/sciencesinfusent-decouvre-egypte.univ-lille.fr\/","title":{"rendered":"Accueil"},"content":{"rendered":"<div style=\"padding: 0; margin-left: 22px; margin-bottom: -10px; padding-left: 675px; margin-top: -85px;\">\n<p><a><img decoding=\"async\" src=\"\/egyptologie\/img\/paneb_vue_ciel.png\" \/><\/a><\/p>\n<div id=\"ex1\" class=\"sbulle\" style=\"display: block;\">Bonjour ! Je m\u2019appelle Paneb ! Je suis un petit gar\u00e7on de l\u2019\u00c9gypte ancienne. Clique sur moi d\u00e8s que tu me vois et je te guiderai dans la d\u00e9couverte de ma civilisation.<br \/>\n<a><strong>fermer<\/strong><\/a><\/div>\n<\/div>\n<div align=\"justify\">\n<p>Cet espace, accessible \u00e0 tous et consacr\u00e9 \u00e0 la d\u00e9couverte de l\u2019\u00c9gypte ancienne, a \u00e9t\u00e9 cr\u00e9\u00e9 par Les sciences infusent \u00e0 l\u2019occasion de la manifestation L\u2019\u00e9gyptologie aux mille facettes. Durant cette derni\u00e8re, qui s\u2019est d\u00e9roul\u00e9e du 18 novembre au 18 d\u00e9cembre 2013 \u00e0 l\u2019universit\u00e9 et hors les murs, \u00e9taient propos\u00e9s de nombreux \u00e9v\u00e9nements r\u00e9unissant deux disciplines importantes de l\u2019enseignement et de la recherche \u00e0 l&rsquo;Universit\u00e9 de Lille : l\u2019arch\u00e9ologie et l\u2019\u00e9gyptologie. Leur d\u00e9couverte a pu se faire au travers :<\/p>\n<ul>\n<li>d\u2019une exposition, illustrant la place privil\u00e9gi\u00e9e de la recherche \u00e9gyptologique \u00e0 l\u2019universit\u00e9 et le travail de terrain en \u00c9gypte ;<\/li>\n<li>de conf\u00e9rences, permettant de partager la passion d\u2019\u00e9gyptologues qui ont livr\u00e9 leurs derni\u00e8res recherches et d\u00e9couvertes ;<\/li>\n<li>d\u2019ateliers, destin\u00e9s aux scolaires et aux familles, qui ont permis de d\u00e9voiler, entre autres, les secrets de l\u2019\u00e9criture hi\u00e9roglyphique, la v\u00e9ritable nature des dieux \u00e9gyptiens ou les myst\u00e8res de la momification.<\/li>\n<\/ul>\n<p>M\u00ealant acquisition de connaissances et moments de d\u00e9tente, cet espace num\u00e9rique vous permettra de vous familiariser avec la terre des Pharaons !<a id=\"_GoBack\" name=\"_GoBack\"><\/a><\/p>\n<\/div>\n","protected":false},"excerpt":{"rendered":"<p>Bonjour ! Je m\u2019appelle Paneb ! Je suis un petit gar\u00e7on de l\u2019\u00c9gypte ancienne. Clique sur moi d\u00e8s que tu me vois et je te guiderai dans la d\u00e9couverte de ma civilisation. fermer Cet espace, accessible \u00e0 tous et consacr\u00e9 \u00e0 la d\u00e9couverte de l\u2019\u00c9gypte ancienne, a \u00e9t\u00e9 cr\u00e9\u00e9 par Les sciences infusent \u00e0 l\u2019occasion [&hellip;]<\/p>\n","protected":false},"author":2,"featured_media":0,"parent":0,"menu_order":0,"comment_status":"closed","ping_status":"closed","template":"page-special.php","meta":{"footnotes":""},"class_list":["post-97","page","type-page","status-publish","hentry"],"_links":{"self":[{"href":"https:\/\/sciencesinfusent-decouvre-egypte.univ-lille.fr\/index.php\/wp-json\/wp\/v2\/pages\/97","targetHints":{"allow":["GET"]}}],"collection":[{"href":"https:\/\/sciencesinfusent-decouvre-egypte.univ-lille.fr\/index.php\/wp-json\/wp\/v2\/pages"}],"about":[{"href":"https:\/\/sciencesinfusent-decouvre-egypte.univ-lille.fr\/index.php\/wp-json\/wp\/v2\/types\/page"}],"author":[{"embeddable":true,"href":"https:\/\/sciencesinfusent-decouvre-egypte.univ-lille.fr\/index.php\/wp-json\/wp\/v2\/users\/2"}],"replies":[{"embeddable":true,"href":"https:\/\/sciencesinfusent-decouvre-egypte.univ-lille.fr\/index.php\/wp-json\/wp\/v2\/comments?post=97"}],"version-history":[{"count":7,"href":"https:\/\/sciencesinfusent-decouvre-egypte.univ-lille.fr\/index.php\/wp-json\/wp\/v2\/pages\/97\/revisions"}],"predecessor-version":[{"id":2167,"href":"https:\/\/sciencesinfusent-decouvre-egypte.univ-lille.fr\/index.php\/wp-json\/wp\/v2\/pages\/97\/revisions\/2167"}],"wp:attachment":[{"href":"https:\/\/sciencesinfusent-decouvre-egypte.univ-lille.fr\/index.php\/wp-json\/wp\/v2\/media?parent=97"}],"curies":[{"name":"wp","href":"https:\/\/api.w.org\/{rel}","templated":true}]}}