{"id":87,"date":"2013-04-23T10:49:55","date_gmt":"2013-04-23T09:49:55","guid":{"rendered":"http:\/\/cavul.dev.univ-lille3.fr\/~raf\/egypto\/?page_id=87"},"modified":"2013-04-23T10:49:55","modified_gmt":"2013-04-23T09:49:55","slug":"abou-simbel-temples-de-ramses-ii-et-de-nefertari-nouvel-empire-xixe-dynastie","status":"publish","type":"page","link":"https:\/\/sciencesinfusent-decouvre-egypte.univ-lille.fr\/index.php\/abou-simbel-temples-de-ramses-ii-et-de-nefertari-nouvel-empire-xixe-dynastie","title":{"rendered":"Abou Simbel, temples de Rams\u00e8s II et de Nefertari (Nouvel Empire, XIXe dynastie)"},"content":{"rendered":"<table width=\"100%\" border=\"0\" cellspacing=\"10\" cellpadding=\"10\">\n<tr>\n<td width=\"50%\" valign=\"top\" align=\"justify\">\n<p>Les temples d&rsquo;Abou Simbel se situent au sud de la ville d&rsquo;Assouan, sur le lac Nasser. Le <span class=\"explanatory-dictionary-highlight\" data-definition=\"explanatory-dictionary-definition-41\">temple<\/span> de <span class=\"explanatory-dictionary-highlight\" data-definition=\"explanatory-dictionary-definition-68\">Rams\u00e8s<\/span> II fut apparemment d\u00e9couvert par Ludwig Borchardt en 1813, mais c&rsquo;est Giovanni Belzoni qui, en 1817, y p\u00e9n\u00e9tra le premier.<\/p>\n<p>Le <span class=\"explanatory-dictionary-highlight\" data-definition=\"explanatory-dictionary-definition-16\">pharaon<\/span> <span class=\"explanatory-dictionary-highlight\" data-definition=\"explanatory-dictionary-definition-68\">Rams\u00e8s<\/span> II fit construire les deux temples : l&rsquo;un pour lui et \u00e0 la gloire de l&rsquo;<span class=\"explanatory-dictionary-highlight\" data-definition=\"explanatory-dictionary-definition-62\">Horus<\/span> vivant, l&rsquo;autre pour sa femme Nefertari et \u00e0 la gloire d&rsquo;<span class=\"explanatory-dictionary-highlight\" data-definition=\"explanatory-dictionary-definition-57\">Hathor<\/span>.   La datation de ces temples n&rsquo;est pas connue avec certitude, mais il   semblerait que la d\u00e9coration du <span class=\"explanatory-dictionary-highlight\" data-definition=\"explanatory-dictionary-definition-41\">temple<\/span> de <span class=\"explanatory-dictionary-highlight\" data-definition=\"explanatory-dictionary-definition-68\">Rams\u00e8s<\/span> II ait \u00e9t\u00e9 achev\u00e9e vers   l&rsquo;an 34 de son r\u00e8gne. Nous ignorons \u00e9galement \u00e0 quel moment les temples   furent d\u00e9finitivement abandonn\u00e9s et envahis par le sable.<\/p>\n<p>Le <span class=\"explanatory-dictionary-highlight\" data-definition=\"explanatory-dictionary-definition-41\">temple<\/span> de <span class=\"explanatory-dictionary-highlight\" data-definition=\"explanatory-dictionary-definition-68\">Rams\u00e8s<\/span> II est un <span class=\"explanatory-dictionary-highlight\" data-definition=\"explanatory-dictionary-definition-41\">temple<\/span> <span class=\"explanatory-dictionary-highlight\" data-definition=\"explanatory-dictionary-definition-12\">rupestre<\/span>   (creus\u00e9 dans le rocher) de 63 m\u00e8tres de profondeur. Sur sa fa\u00e7ade, les   quatre colosses \u00e0 l&rsquo;effigie de <span class=\"explanatory-dictionary-highlight\" data-definition=\"explanatory-dictionary-definition-68\">Rams\u00e8s<\/span> II mesurent vingt m\u00e8tres de   hauteur afin d&rsquo;\u00eatre visibles depuis le <span class=\"explanatory-dictionary-highlight\" data-definition=\"explanatory-dictionary-definition-73\">Nil<\/span>. Dans le sanctuaire du <span class=\"explanatory-dictionary-highlight\" data-definition=\"explanatory-dictionary-definition-41\">temple<\/span>, situ\u00e9 au plus profond de celui-ci, quatre statues prennent place : celles de Ptah, <span class=\"explanatory-dictionary-highlight\" data-definition=\"explanatory-dictionary-definition-64\">Amon<\/span>,   <span class=\"explanatory-dictionary-highlight\" data-definition=\"explanatory-dictionary-definition-68\">Rams\u00e8s<\/span> et <span class=\"explanatory-dictionary-highlight\" data-definition=\"explanatory-dictionary-definition-40\">R\u00ea<\/span>-Horakhty. Deux jours par an uniquement, les rayons du   soleil p\u00e9n\u00e8trent jusqu&rsquo;au fond du <span class=\"explanatory-dictionary-highlight\" data-definition=\"explanatory-dictionary-definition-41\">temple<\/span> pour transmettre par ses rayons   son \u00e9nergie aux statues divines.<\/p>\n<\/td>\n<td width=\"50%\" valign=\"top\" align=\"justify\">\n<p>Le <span class=\"explanatory-dictionary-highlight\" data-definition=\"explanatory-dictionary-definition-41\">temple<\/span> de Nefertari est \u00e9galement un   <span class=\"explanatory-dictionary-highlight\" data-definition=\"explanatory-dictionary-definition-41\">temple<\/span> <span class=\"explanatory-dictionary-highlight\" data-definition=\"explanatory-dictionary-definition-12\">rupestre<\/span>, mais il s&rsquo;agit du premier <span class=\"explanatory-dictionary-highlight\" data-definition=\"explanatory-dictionary-definition-41\">temple<\/span> d\u00e9di\u00e9 \u00e0 une reine o\u00f9   la fa\u00e7ade est orn\u00e9e de statues de la reine aussi grandes que celle du   roi. Six colosses royaux prennent place : quatre \u00e0 l&rsquo;effigie de <span class=\"explanatory-dictionary-highlight\" data-definition=\"explanatory-dictionary-definition-68\">Rams\u00e8s<\/span>   II encadrent deux repr\u00e9sentations de la reine.<\/p>\n<p>Lorsqu&rsquo;en 1959 la construction du haut   barrage d&rsquo;Assouan fut annonc\u00e9e, vingt-quatre temples antiques se   retrouv\u00e8rent menac\u00e9s par les eaux. Cette disparition programm\u00e9e suscita   une vive \u00e9motion dans l&rsquo;opinion internationale et le 8 mars 1960, sous   l&rsquo;\u00e9gide de l&rsquo;Unesco, un appel solennel fut lanc\u00e9 aux \u00c9tats et aux   peuples afin de sauvegarder les temples. Les fonds r\u00e9unis permirent   alors le sauvetage de 14 temples, dont ceux d&rsquo;Abou Simbel. Les travaux   d\u00e9but\u00e8rent en ao\u00fbt 1965 : il fallut d\u00e9couper en immenses blocs les deux   temples pour les remonter cent m\u00e8tres au-dessus de leur emplacement   originel, tout en respectant parfaitement leur orientation afin que le   soleil puisse toujours venir caresser de ses rayons les statues divines   du sanctuaire du <span class=\"explanatory-dictionary-highlight\" data-definition=\"explanatory-dictionary-definition-41\">temple<\/span> de <span class=\"explanatory-dictionary-highlight\" data-definition=\"explanatory-dictionary-definition-68\">Rams\u00e8s<\/span> II.<\/p>\n<\/td>\n<\/tr>\n<\/table>\n","protected":false},"excerpt":{"rendered":"<p>Les temples d&rsquo;Abou Simbel se situent au sud de la ville d&rsquo;Assouan, sur le lac Nasser. Le temple de Rams\u00e8s II fut apparemment d\u00e9couvert par Ludwig Borchardt en 1813, mais c&rsquo;est Giovanni Belzoni qui, en 1817, y p\u00e9n\u00e9tra le premier. Le pharaon Rams\u00e8s II fit construire les deux temples : l&rsquo;un pour lui et \u00e0 [&hellip;]<\/p>\n","protected":false},"author":2,"featured_media":1881,"parent":0,"menu_order":0,"comment_status":"closed","ping_status":"closed","template":"template-gallery-full.php","meta":{"footnotes":""},"class_list":["post-87","page","type-page","status-publish","has-post-thumbnail","hentry"],"_links":{"self":[{"href":"https:\/\/sciencesinfusent-decouvre-egypte.univ-lille.fr\/index.php\/wp-json\/wp\/v2\/pages\/87","targetHints":{"allow":["GET"]}}],"collection":[{"href":"https:\/\/sciencesinfusent-decouvre-egypte.univ-lille.fr\/index.php\/wp-json\/wp\/v2\/pages"}],"about":[{"href":"https:\/\/sciencesinfusent-decouvre-egypte.univ-lille.fr\/index.php\/wp-json\/wp\/v2\/types\/page"}],"author":[{"embeddable":true,"href":"https:\/\/sciencesinfusent-decouvre-egypte.univ-lille.fr\/index.php\/wp-json\/wp\/v2\/users\/2"}],"replies":[{"embeddable":true,"href":"https:\/\/sciencesinfusent-decouvre-egypte.univ-lille.fr\/index.php\/wp-json\/wp\/v2\/comments?post=87"}],"version-history":[{"count":0,"href":"https:\/\/sciencesinfusent-decouvre-egypte.univ-lille.fr\/index.php\/wp-json\/wp\/v2\/pages\/87\/revisions"}],"wp:featuredmedia":[{"embeddable":true,"href":"https:\/\/sciencesinfusent-decouvre-egypte.univ-lille.fr\/index.php\/wp-json\/wp\/v2\/media\/1881"}],"wp:attachment":[{"href":"https:\/\/sciencesinfusent-decouvre-egypte.univ-lille.fr\/index.php\/wp-json\/wp\/v2\/media?parent=87"}],"curies":[{"name":"wp","href":"https:\/\/api.w.org\/{rel}","templated":true}]}}