{"id":424,"date":"2013-05-30T10:45:34","date_gmt":"2013-05-30T09:45:34","guid":{"rendered":"https:\/\/sciencesinfusent-decouvre-egypte.univ-lille.fr\/?page_id=424"},"modified":"2013-05-30T10:45:34","modified_gmt":"2013-05-30T09:45:34","slug":"philae-temple-disis-epoque-ptolemaique-et-romaine","status":"publish","type":"page","link":"https:\/\/sciencesinfusent-decouvre-egypte.univ-lille.fr\/index.php\/philae-temple-disis-epoque-ptolemaique-et-romaine","title":{"rendered":"Philae, temple d\u2019Isis (\u00e9poque ptol\u00e9ma\u00efque et romaine)"},"content":{"rendered":"<table width=\"100%\" border=\"0\" cellspacing=\"10\" cellpadding=\"10\">\n<tbody>\n<tr>\n<td align=\"justify\" valign=\"top\" width=\"50%\">L\u2019\u00eele de Philae est situ\u00e9e non loin d\u2019Assouan, mais les temples antiques ne s\u2019y trouvent plus aujourd\u2019hui. Suite \u00e0 la construction du premier barrage d\u2019Assouan en 1898, les temples de l\u2019\u00eele de Philae \u00e9taient inond\u00e9s plusieurs mois de l\u2019ann\u00e9e. Avec la construction du haut barrage d\u2019Assouan, d\u00e9cid\u00e9e en 1955, les temples de Philae allaient \u00eatre enti\u00e8rement recouverts par les eaux. Une fois le programme de sauvetage des temples de <span class=\"explanatory-dictionary-highlight\" data-definition=\"explanatory-dictionary-definition-10051\">Nubie<\/span> mis en place, Philae restait le dernier grand sanctuaire d\u2019\u00c9gypte menac\u00e9 par les eaux. Un nouvel appel international fut donc lanc\u00e9 par l\u2019Unesco et cela permit de r\u00e9unir les fonds n\u00e9cessaires au sauvetage des temples. La m\u00eame technique de d\u00e9montage employ\u00e9e au <span class=\"explanatory-dictionary-highlight\" data-definition=\"explanatory-dictionary-definition-41\">temple<\/span> d\u2019Abou Simbel fut adopt\u00e9e, et les temples furent d\u00e9plac\u00e9s blocs par blocs \u00e0 8 kilom\u00e8tres de l\u2019\u00eele de Philae, sur l\u2019\u00eele d\u2019Agilikia. Apr\u00e8s huit ann\u00e9es de travaux, les temples furent inaugur\u00e9s le 10 mars 1980.<\/p>\n<p>Le monument le plus ancien de Philae remonte au r\u00e8gne de Nectan\u00e9bo Ier (XXXe dynastie) : il s\u2019agit d\u2019un kiosque d\u00e9di\u00e9 \u00e0 la d\u00e9esse <span class=\"explanatory-dictionary-highlight\" data-definition=\"explanatory-dictionary-definition-56\">Isis<\/span>. Mais c\u2019est sous Ptol\u00e9m\u00e9e II Philadelphe que cet \u00e9difice fut transform\u00e9 en un grand centre religieux autour duquel s\u2019\u00e9lev\u00e8rent de nombreux autres \u00e9difices.<\/td>\n<td align=\"justify\" valign=\"top\" width=\"50%\"><span class=\"explanatory-dictionary-highlight\" data-definition=\"explanatory-dictionary-definition-56\">Isis<\/span>, la d\u00e9esse principale de l\u2019\u00eele, est la s\u0153ur et l\u2019\u00e9pouse d\u2019<span class=\"explanatory-dictionary-highlight\" data-definition=\"explanatory-dictionary-definition-60\">Osiris<\/span> ainsi que la m\u00e8re d\u2019<span class=\"explanatory-dictionary-highlight\" data-definition=\"explanatory-dictionary-definition-62\">Horus<\/span>. D\u00e9esse protectrice, magicienne, elle fut extr\u00eamement populaire en \u00c9gypte durant la Basse \u00c9poque et son culte se r\u00e9pandit dans tout l\u2019empire \u00e0 l\u2019\u00e9poque romaine. Une voie processionnelle, bord\u00e9e par deux colonnades, conduit au <span class=\"explanatory-dictionary-highlight\" data-definition=\"explanatory-dictionary-definition-41\">temple<\/span> d\u00e9di\u00e9 \u00e0 la d\u00e9esse. Puis un premier pyl\u00f4ne permet d\u2019acc\u00e9der au mammisi (salle de la naissance), dans lequel \u00e9tait c\u00e9l\u00e9br\u00e9 la naissance d\u2019<span class=\"explanatory-dictionary-highlight\" data-definition=\"explanatory-dictionary-definition-62\">Horus<\/span>, ainsi qu\u2019\u00e0 diff\u00e9rentes salles annexes, telles que la laboratoire ou la biblioth\u00e8que. \u00c0 la suite du deuxi\u00e8me pyl\u00f4ne s\u2019\u00e9l\u00e8ve le <span class=\"explanatory-dictionary-highlight\" data-definition=\"explanatory-dictionary-definition-14\">pronaos<\/span> ouvrant sur la salle de l\u2019apparition, la salle des offrandes, la salle de l\u2019<span class=\"explanatory-dictionary-highlight\" data-definition=\"explanatory-dictionary-definition-29\">Enn\u00e9ade<\/span> ou encore la ou\u00e2bet. Puis, au plus profond du <span class=\"explanatory-dictionary-highlight\" data-definition=\"explanatory-dictionary-definition-41\">temple<\/span>, se trouve le <span class=\"explanatory-dictionary-highlight\" data-definition=\"explanatory-dictionary-definition-23\">naos<\/span> o\u00f9 reposait la statue de la divinit\u00e9. Ce <span class=\"explanatory-dictionary-highlight\" data-definition=\"explanatory-dictionary-definition-41\">temple<\/span> d\u2019<span class=\"explanatory-dictionary-highlight\" data-definition=\"explanatory-dictionary-definition-56\">Isis<\/span> fut le dernier sanctuaire pa\u00efen en activit\u00e9 en \u00c9gypte. Le culte surv\u00e9cut \u00e0 l\u2019\u00e9dit de Th\u00e9odose de 380 et c\u2019est \u00e0 Philae que furent grav\u00e9es les derni\u00e8res inscriptions hi\u00e9roglyphiques et d\u00e9motiques dat\u00e9es du 24 ao\u00fbt 394. En 540, l\u2019empereur Justinien ordonne de fermer le <span class=\"explanatory-dictionary-highlight\" data-definition=\"explanatory-dictionary-definition-41\">temple<\/span> et d\u2019emprisonner les pr\u00eatres et les chr\u00e9tiens, qui c\u00e9l\u00e9braient d\u00e9j\u00e0 leur culte dans une partie de l\u2019\u00e9difice, construisirent alors plusieurs \u00e9glises sur l\u2019\u00eele.<\/p>\n<p>&nbsp;<\/td>\n<\/tr>\n<\/tbody>\n<\/table>\n","protected":false},"excerpt":{"rendered":"<p>L\u2019\u00eele de Philae est situ\u00e9e non loin d\u2019Assouan, mais les temples antiques ne s\u2019y trouvent plus aujourd\u2019hui. Suite \u00e0 la construction du premier barrage d\u2019Assouan en 1898, les temples de l\u2019\u00eele de Philae \u00e9taient inond\u00e9s plusieurs mois de l\u2019ann\u00e9e. Avec la construction du haut barrage d\u2019Assouan, d\u00e9cid\u00e9e en 1955, les temples de Philae allaient \u00eatre [&hellip;]<\/p>\n","protected":false},"author":2,"featured_media":1772,"parent":0,"menu_order":0,"comment_status":"closed","ping_status":"closed","template":"template-gallery-full1.php","meta":{"footnotes":""},"class_list":["post-424","page","type-page","status-publish","has-post-thumbnail","hentry"],"_links":{"self":[{"href":"https:\/\/sciencesinfusent-decouvre-egypte.univ-lille.fr\/index.php\/wp-json\/wp\/v2\/pages\/424","targetHints":{"allow":["GET"]}}],"collection":[{"href":"https:\/\/sciencesinfusent-decouvre-egypte.univ-lille.fr\/index.php\/wp-json\/wp\/v2\/pages"}],"about":[{"href":"https:\/\/sciencesinfusent-decouvre-egypte.univ-lille.fr\/index.php\/wp-json\/wp\/v2\/types\/page"}],"author":[{"embeddable":true,"href":"https:\/\/sciencesinfusent-decouvre-egypte.univ-lille.fr\/index.php\/wp-json\/wp\/v2\/users\/2"}],"replies":[{"embeddable":true,"href":"https:\/\/sciencesinfusent-decouvre-egypte.univ-lille.fr\/index.php\/wp-json\/wp\/v2\/comments?post=424"}],"version-history":[{"count":0,"href":"https:\/\/sciencesinfusent-decouvre-egypte.univ-lille.fr\/index.php\/wp-json\/wp\/v2\/pages\/424\/revisions"}],"wp:featuredmedia":[{"embeddable":true,"href":"https:\/\/sciencesinfusent-decouvre-egypte.univ-lille.fr\/index.php\/wp-json\/wp\/v2\/media\/1772"}],"wp:attachment":[{"href":"https:\/\/sciencesinfusent-decouvre-egypte.univ-lille.fr\/index.php\/wp-json\/wp\/v2\/media?parent=424"}],"curies":[{"name":"wp","href":"https:\/\/api.w.org\/{rel}","templated":true}]}}