{"id":422,"date":"2013-05-30T10:45:00","date_gmt":"2013-05-30T09:45:00","guid":{"rendered":"https:\/\/sciencesinfusent-decouvre-egypte.univ-lille.fr\/?page_id=422"},"modified":"2013-05-30T10:45:00","modified_gmt":"2013-05-30T09:45:00","slug":"paysages-degypte","status":"publish","type":"page","link":"https:\/\/sciencesinfusent-decouvre-egypte.univ-lille.fr\/index.php\/paysages-degypte","title":{"rendered":"Paysages d&rsquo;\u00c9gypte"},"content":{"rendered":"<table width=\"100%\" border=\"0\" cellspacing=\"10\" cellpadding=\"10\">\n<tbody>\n<tr>\n<td align=\"justify\" valign=\"top\" width=\"50%\">La configuration g\u00e9ographique de l\u2019\u00c9gypte a, d\u00e8s les premiers temps, conditionn\u00e9 le peuplement en attirant le long du\u00a0<span class=\"explanatory-dictionary-highlight\" data-definition=\"explanatory-dictionary-definition-73\">Nil<\/span>\u00a0et de la vall\u00e9e les populations nomades cherchant des conditions de vie moins pr\u00e9caires que dans le d\u00e9sert. Le paysage antique ressemblait fortement \u00e0 celui d\u2019aujourd\u2019hui et se composait du <span class=\"explanatory-dictionary-highlight\" data-definition=\"explanatory-dictionary-definition-73\">Nil<\/span>, des terres irrigu\u00e9es et du d\u00e9sert. La terre fertile \u00e9tait nomm\u00e9e Kemet (terre noire) par les anciens \u00c9gyptiens, en r\u00e9f\u00e9rence au limon d\u00e9pos\u00e9 lors des crues du <span class=\"explanatory-dictionary-highlight\" data-definition=\"explanatory-dictionary-definition-73\">Nil<\/span>, et le d\u00e9sert \u00e9tait appel\u00e9 desheret (terre rouge). L\u2019\u00c9gypte ancienne \u00e9tait divis\u00e9e en deux parties : la Haute \u00c9gypte au sud et la Basse \u00c9gypte au nord. La Haute \u00c9gypte, appel\u00e9e Ta-Chemaou, \u00e9tait la partie la plus africaine du pays, tandis que la Basse \u00c9gypte, nomm\u00e9e Ta-Mehou, correspondait en grande partie au Delta et aux terres irrigu\u00e9es. D\u2019autres r\u00e9gions n\u2019appartenaient ni \u00e0 la Haute ni \u00e0 la Basse \u00c9gypte : le Fayoum, situ\u00e9 au bord du d\u00e9sert Libyque et reli\u00e9 au <span class=\"explanatory-dictionary-highlight\" data-definition=\"explanatory-dictionary-definition-73\">Nil<\/span> par un bras secondaire ; les oasis, toutes situ\u00e9es dans le d\u00e9sert Libyque et reli\u00e9es entre elles par des pistes dont la gestion d\u00e9pendait du pouvoir royal ;<\/td>\n<td align=\"justify\" valign=\"top\" width=\"50%\">le Sina\u00ef, sorte de zone tampon qui permettait de prot\u00e9ger la vall\u00e9e du <span class=\"explanatory-dictionary-highlight\" data-definition=\"explanatory-dictionary-definition-73\">Nil<\/span> des incursions venant de l\u2019est ; la\u00a0<span class=\"explanatory-dictionary-highlight\" data-definition=\"explanatory-dictionary-definition-10051\">Nubie<\/span>, qui n\u2019\u00e9tait pas \u00e0 proprement parler une r\u00e9gion d\u2019\u00c9gypte mais une zone avec laquelle l\u2019\u00c9gypte eut toujours des relations militaires ou commerciales. La premi\u00e8re <span class=\"explanatory-dictionary-highlight\" data-definition=\"explanatory-dictionary-definition-34\">cataracte<\/span>, barri\u00e8re rocheuse sur le <span class=\"explanatory-dictionary-highlight\" data-definition=\"explanatory-dictionary-definition-73\">Nil<\/span> situ\u00e9e pr\u00e8s de la ville d\u2019Assouan, a souvent servi de fronti\u00e8re naturelle entre l\u2019\u00c9gypte et la <span class=\"explanatory-dictionary-highlight\" data-definition=\"explanatory-dictionary-definition-10051\">Nubie<\/span>. Le <span class=\"explanatory-dictionary-highlight\" data-definition=\"explanatory-dictionary-definition-73\">Nil<\/span> permettait la vie en \u00c9gypte et en \u00e9tait \u00e9galement le r\u00e9gulateur gr\u00e2ce au ph\u00e9nom\u00e8ne naturel de la crue qui provoquait la mont\u00e9e des eaux et assurait le d\u00e9p\u00f4t d\u2019une couche de limon fertilisant sur les terres agricoles. Tout retard de crue ou toute crue de faible intensit\u00e9 entra\u00eenait la famine car le <span class=\"explanatory-dictionary-highlight\" data-definition=\"explanatory-dictionary-definition-73\">Nil<\/span> \u00e9tait le fleuve nourricier. Le climat antique \u00e9tait proche du climat actuel avec d\u2019importantes variations de temp\u00e9rature entre le nord et le sud, une chaleur quasi constante, une grande s\u00e9cheresse et une amplitude thermique entre le jour et la nuit. Le climat \u00e9tait l\u2019une des principales pr\u00e9occupations des anciens \u00c9gyptiens pour l\u2019alimentation en eau dans la vie quotidienne.&nbsp;<\/td>\n<\/tr>\n<\/tbody>\n<\/table>\n","protected":false},"excerpt":{"rendered":"<p>La configuration g\u00e9ographique de l\u2019\u00c9gypte a, d\u00e8s les premiers temps, conditionn\u00e9 le peuplement en attirant le long du\u00a0Nil\u00a0et de la vall\u00e9e les populations nomades cherchant des conditions de vie moins pr\u00e9caires que dans le d\u00e9sert. Le paysage antique ressemblait fortement \u00e0 celui d\u2019aujourd\u2019hui et se composait du Nil, des terres irrigu\u00e9es et du d\u00e9sert. La [&hellip;]<\/p>\n","protected":false},"author":2,"featured_media":1798,"parent":0,"menu_order":0,"comment_status":"closed","ping_status":"closed","template":"template-gallery-full1.php","meta":{"footnotes":""},"class_list":["post-422","page","type-page","status-publish","has-post-thumbnail","hentry"],"_links":{"self":[{"href":"https:\/\/sciencesinfusent-decouvre-egypte.univ-lille.fr\/index.php\/wp-json\/wp\/v2\/pages\/422","targetHints":{"allow":["GET"]}}],"collection":[{"href":"https:\/\/sciencesinfusent-decouvre-egypte.univ-lille.fr\/index.php\/wp-json\/wp\/v2\/pages"}],"about":[{"href":"https:\/\/sciencesinfusent-decouvre-egypte.univ-lille.fr\/index.php\/wp-json\/wp\/v2\/types\/page"}],"author":[{"embeddable":true,"href":"https:\/\/sciencesinfusent-decouvre-egypte.univ-lille.fr\/index.php\/wp-json\/wp\/v2\/users\/2"}],"replies":[{"embeddable":true,"href":"https:\/\/sciencesinfusent-decouvre-egypte.univ-lille.fr\/index.php\/wp-json\/wp\/v2\/comments?post=422"}],"version-history":[{"count":0,"href":"https:\/\/sciencesinfusent-decouvre-egypte.univ-lille.fr\/index.php\/wp-json\/wp\/v2\/pages\/422\/revisions"}],"wp:featuredmedia":[{"embeddable":true,"href":"https:\/\/sciencesinfusent-decouvre-egypte.univ-lille.fr\/index.php\/wp-json\/wp\/v2\/media\/1798"}],"wp:attachment":[{"href":"https:\/\/sciencesinfusent-decouvre-egypte.univ-lille.fr\/index.php\/wp-json\/wp\/v2\/media?parent=422"}],"curies":[{"name":"wp","href":"https:\/\/api.w.org\/{rel}","templated":true}]}}