{"id":420,"date":"2013-05-30T10:44:28","date_gmt":"2013-05-30T09:44:28","guid":{"rendered":"https:\/\/sciencesinfusent-decouvre-egypte.univ-lille.fr\/?page_id=420"},"modified":"2013-05-30T10:44:28","modified_gmt":"2013-05-30T09:44:28","slug":"meidoum-pyramide-dhouni-ancien-empire-iiie-dynastie","status":"publish","type":"page","link":"https:\/\/sciencesinfusent-decouvre-egypte.univ-lille.fr\/index.php\/meidoum-pyramide-dhouni-ancien-empire-iiie-dynastie","title":{"rendered":"Me\u00efdoum, pyramide d\u2019Houni (Ancien Empire, IIIe dynastie)"},"content":{"rendered":"<table width=\"100%\" border=\"0\" cellspacing=\"10\" cellpadding=\"10\">\n<tr>\n<td width=\"50%\" valign=\"top\" align=\"justify\">\n<p>Houni, dernier <span class=\"explanatory-dictionary-highlight\" data-definition=\"explanatory-dictionary-definition-16\">pharaon<\/span> de la IIIe dynastie, fit construire son complexe   fun\u00e9raire \u00e0 Me\u00efdoum, \u00e0 80 km au sud du Caire. C&rsquo;est \u00e0 ce <span class=\"explanatory-dictionary-highlight\" data-definition=\"explanatory-dictionary-definition-16\">pharaon<\/span> qu&rsquo;il   convient d&rsquo;attribuer la derni\u00e8re et la plus grande des pyramides \u00e0   degr\u00e9s, qui se dresse aujourd&rsquo;hui hors d&rsquo;une colline de d\u00e9combres et de   sable. La <span class=\"explanatory-dictionary-highlight\" data-definition=\"explanatory-dictionary-definition-42\">pyramide<\/span> connut plusieurs \u00e9tats de construction : le premier   la dota de sept gradins, enti\u00e8rement constitu\u00e9s de blocs de calcaire fin   ; puis la base de la <span class=\"explanatory-dictionary-highlight\" data-definition=\"explanatory-dictionary-definition-42\">pyramide<\/span> fut \u00e9largie d&rsquo;une dizaine de m\u00e8tres,   chaque gradin fut sur\u00e9lev\u00e9 de quelques m\u00e8tres et un huiti\u00e8me gradin fut   alors peut-\u00eatre ajout\u00e9 au sommet de la <span class=\"explanatory-dictionary-highlight\" data-definition=\"explanatory-dictionary-definition-42\">pyramide<\/span> qui aurait alors atteint   82 m\u00e8tres de hauteur. <\/p>\n<\/td>\n<td width=\"50%\" valign=\"top\" align=\"justify\">\n<p data-mce-style=\"text-align: justify;\">Le troisi\u00e8me \u00e9tat de la <span class=\"explanatory-dictionary-highlight\" data-definition=\"explanatory-dictionary-definition-42\">pyramide<\/span> n&rsquo;est pas imputable \u00e0 Houni mais \u00e0   Sn\u00e9frou, son successeur : ce dernier transforma la <span class=\"explanatory-dictionary-highlight\" data-definition=\"explanatory-dictionary-definition-42\">pyramide<\/span> a degr\u00e9s en   v\u00e9ritable <span class=\"explanatory-dictionary-highlight\" data-definition=\"explanatory-dictionary-definition-42\">pyramide<\/span> \u00e0 faces lisses. Malheureusement, la <span class=\"explanatory-dictionary-highlight\" data-definition=\"explanatory-dictionary-definition-42\">pyramide<\/span> est   aujourd&rsquo;hui partiellement effondr\u00e9e et l&rsquo;enceinte, la chauss\u00e9e montante   et le <span class=\"explanatory-dictionary-highlight\" data-definition=\"explanatory-dictionary-definition-41\">temple<\/span> bas sont enti\u00e8rement d\u00e9truits. Cependant, il est encore   possible de p\u00e9n\u00e9trer \u00e0 l&rsquo;int\u00e9rieur de la <span class=\"explanatory-dictionary-highlight\" data-definition=\"explanatory-dictionary-definition-42\">pyramide<\/span> et d&rsquo;acc\u00e9der \u00e0 la   chambre fun\u00e9raire. Celle-ci est construite dans le bas du massif de la   <span class=\"explanatory-dictionary-highlight\" data-definition=\"explanatory-dictionary-definition-42\">pyramide<\/span> et son acc\u00e8s s&rsquo;effectue par une descenderie prenant sur le   flanc de la face nord et traversant le massif construit. La vo\u00fbte en   encorbellement, qui couvre la chambre fun\u00e9raire, fut admirablement   construite en pierre de taille.<\/p>\n<p>&nbsp;<\/p>\n<\/td>\n<\/tr>\n<\/table>\n","protected":false},"excerpt":{"rendered":"<p>Houni, dernier pharaon de la IIIe dynastie, fit construire son complexe fun\u00e9raire \u00e0 Me\u00efdoum, \u00e0 80 km au sud du Caire. C&rsquo;est \u00e0 ce pharaon qu&rsquo;il convient d&rsquo;attribuer la derni\u00e8re et la plus grande des pyramides \u00e0 degr\u00e9s, qui se dresse aujourd&rsquo;hui hors d&rsquo;une colline de d\u00e9combres et de sable. La pyramide connut plusieurs \u00e9tats [&hellip;]<\/p>\n","protected":false},"author":2,"featured_media":1838,"parent":0,"menu_order":0,"comment_status":"closed","ping_status":"closed","template":"template-gallery-full1.php","meta":{"footnotes":""},"class_list":["post-420","page","type-page","status-publish","has-post-thumbnail","hentry"],"_links":{"self":[{"href":"https:\/\/sciencesinfusent-decouvre-egypte.univ-lille.fr\/index.php\/wp-json\/wp\/v2\/pages\/420","targetHints":{"allow":["GET"]}}],"collection":[{"href":"https:\/\/sciencesinfusent-decouvre-egypte.univ-lille.fr\/index.php\/wp-json\/wp\/v2\/pages"}],"about":[{"href":"https:\/\/sciencesinfusent-decouvre-egypte.univ-lille.fr\/index.php\/wp-json\/wp\/v2\/types\/page"}],"author":[{"embeddable":true,"href":"https:\/\/sciencesinfusent-decouvre-egypte.univ-lille.fr\/index.php\/wp-json\/wp\/v2\/users\/2"}],"replies":[{"embeddable":true,"href":"https:\/\/sciencesinfusent-decouvre-egypte.univ-lille.fr\/index.php\/wp-json\/wp\/v2\/comments?post=420"}],"version-history":[{"count":0,"href":"https:\/\/sciencesinfusent-decouvre-egypte.univ-lille.fr\/index.php\/wp-json\/wp\/v2\/pages\/420\/revisions"}],"wp:featuredmedia":[{"embeddable":true,"href":"https:\/\/sciencesinfusent-decouvre-egypte.univ-lille.fr\/index.php\/wp-json\/wp\/v2\/media\/1838"}],"wp:attachment":[{"href":"https:\/\/sciencesinfusent-decouvre-egypte.univ-lille.fr\/index.php\/wp-json\/wp\/v2\/media?parent=420"}],"curies":[{"name":"wp","href":"https:\/\/api.w.org\/{rel}","templated":true}]}}