{"id":418,"date":"2013-05-30T10:43:10","date_gmt":"2013-05-30T09:43:10","guid":{"rendered":"https:\/\/sciencesinfusent-decouvre-egypte.univ-lille.fr\/?page_id=418"},"modified":"2013-05-30T10:43:10","modified_gmt":"2013-05-30T09:43:10","slug":"louqsor-rive-ouest-ramesseum-nouvel-empire-xixe-dynastie","status":"publish","type":"page","link":"https:\/\/sciencesinfusent-decouvre-egypte.univ-lille.fr\/index.php\/louqsor-rive-ouest-ramesseum-nouvel-empire-xixe-dynastie","title":{"rendered":"Louqsor rive ouest, Ramesseum (Nouvel Empire, XIXe dynastie)"},"content":{"rendered":"<table width=\"100%\" border=\"0\" cellspacing=\"10\" cellpadding=\"10\">\n<tbody>\n<tr>\n<td align=\"justify\" valign=\"top\" width=\"50%\">Le Ramesseum, ou <span class=\"explanatory-dictionary-highlight\" data-definition=\"explanatory-dictionary-definition-3\"><span class=\"explanatory-dictionary-highlight\" data-definition=\"explanatory-dictionary-definition-41\">temple<\/span> de millions d\u2019ann\u00e9es<\/span> de <span class=\"explanatory-dictionary-highlight\" data-definition=\"explanatory-dictionary-definition-68\">Rams\u00e8s<\/span> II, se situe sur la rive ouest de la ville de Th\u00e8bes. Ce vaste ensemble architectural, construit par Penr\u00ea, fut nomm\u00e9 le \u00ab tombeau d\u2019Osymandias \u00bb par Diodore de Sicile qui en fit une description tr\u00e8s minutieuse. En tant que <span class=\"explanatory-dictionary-highlight\" data-definition=\"explanatory-dictionary-definition-3\"><span class=\"explanatory-dictionary-highlight\" data-definition=\"explanatory-dictionary-definition-41\">temple<\/span> de millions d\u2019ann\u00e9es<\/span>, le Ramesseum \u00e9tait le lieu du culte royal. Ce dernier \u00e9tait rendu au <span class=\"explanatory-dictionary-highlight\" data-definition=\"explanatory-dictionary-definition-16\">pharaon<\/span> d\u00e9funt mais \u00e9galement au <span class=\"explanatory-dictionary-highlight\" data-definition=\"explanatory-dictionary-definition-16\">pharaon<\/span> vivant. Le <span class=\"explanatory-dictionary-highlight\" data-definition=\"explanatory-dictionary-definition-41\">temple<\/span> permettait \u00e9galement \u00e0 <span class=\"explanatory-dictionary-highlight\" data-definition=\"explanatory-dictionary-definition-68\">Rams\u00e8s<\/span> II de prouver aux dieux qu\u2019il gouvernait selon les principes de la <span class=\"explanatory-dictionary-highlight\" data-definition=\"explanatory-dictionary-definition-55\">Ma\u00e2t<\/span>, et de gagner ainsi, d\u00e9j\u00e0 de son vivant, son immortalit\u00e9. La d\u00e9coration du <span class=\"explanatory-dictionary-highlight\" data-definition=\"explanatory-dictionary-definition-41\">temple<\/span> n\u2019\u00e9tait donc pas choisie au hasard : sc\u00e8nes de bataille prouvant que <span class=\"explanatory-dictionary-highlight\" data-definition=\"explanatory-dictionary-definition-16\">Pharaon<\/span> avait \u00e9largi les fronti\u00e8res de l\u2019\u00c9gypte et prot\u00e9g\u00e9 le pays des envahisseurs ; sc\u00e8nes d\u2019offrandes prouvant que <span class=\"explanatory-dictionary-highlight\" data-definition=\"explanatory-dictionary-definition-16\">pharaon<\/span> rendait le culte aux divinit\u00e9s ; sc\u00e8nes politiques prouvant que <span class=\"explanatory-dictionary-highlight\" data-definition=\"explanatory-dictionary-definition-16\">pharaon<\/span> avait \u00e9t\u00e9 choisi par les dieux pour r\u00e9gner ; sc\u00e8nes familiales prouvant que <span class=\"explanatory-dictionary-highlight\" data-definition=\"explanatory-dictionary-definition-16\">pharaon<\/span> \u00e9tait d\u2019essence divine et qu\u2019apr\u00e8s sa mort la descendance \u00e9tait suffisamment nombreuse pour perp\u00e9tuer le pouvoir monarchique. Le <span class=\"explanatory-dictionary-highlight\" data-definition=\"explanatory-dictionary-definition-3\"><span class=\"explanatory-dictionary-highlight\" data-definition=\"explanatory-dictionary-definition-41\">temple<\/span> de millions d\u2019ann\u00e9es<\/span> \u00e9tait donc le lieu o\u00f9 se r\u00e9g\u00e9n\u00e9rait le pouvoir royal et \u00e9tait le manifeste de la conduite irr\u00e9prochable de <span class=\"explanatory-dictionary-highlight\" data-definition=\"explanatory-dictionary-definition-16\">pharaon<\/span>.<\/td>\n<td align=\"justify\" valign=\"top\" width=\"50%\">L\u2019acc\u00e8s au Ramesseum s\u2019effectuait par un premier pyl\u00f4ne qui menace aujourd\u2019hui de s\u2019effondrer. Au fond de la premi\u00e8re cour, contre le deuxi\u00e8me pyl\u00f4ne, prenaient place les colosses de <span class=\"explanatory-dictionary-highlight\" data-definition=\"explanatory-dictionary-definition-68\">Rams\u00e8s<\/span> II et de sa m\u00e8re Touy. De ces deux colosses, d\u00e9bit\u00e9s par des carriers et abattus par les chr\u00e9tiens, il ne subsiste que d\u2019importants vestiges au sol et la partie sup\u00e9rieure du colosse de <span class=\"explanatory-dictionary-highlight\" data-definition=\"explanatory-dictionary-definition-68\">Rams\u00e8s<\/span> II effondr\u00e9e dans la seconde cour. \u00c0 proximit\u00e9 de la premi\u00e8re cour, et communiquant avec elle, se trouvait le palais royal dont il ne subsiste que des bases de colonnes. Apr\u00e8s le deuxi\u00e8me pyl\u00f4ne, au revers duquel \u00e9t\u00e9 sculpt\u00e9 un \u00e9pisode de la c\u00e9l\u00e8bre bataille que <span class=\"explanatory-dictionary-highlight\" data-definition=\"explanatory-dictionary-definition-68\">Rams\u00e8s<\/span> II mena \u00e0 Qadesh contre les Hittites, s\u2019ouvrait une deuxi\u00e8me cour bord\u00e9e de piliers osiriaques. Une rampe permettait ensuite d\u2019acc\u00e9der au <span class=\"explanatory-dictionary-highlight\" data-definition=\"explanatory-dictionary-definition-41\">temple<\/span> proprement dit compos\u00e9, entre autres, d\u2019une salle hypostyle de quarante-huit colonnes, de deux vestibules, d\u2019un <span class=\"explanatory-dictionary-highlight\" data-definition=\"explanatory-dictionary-definition-14\">pronaos<\/span>, d\u2019une salle qui accueillait la barque d\u2019<span class=\"explanatory-dictionary-highlight\" data-definition=\"explanatory-dictionary-definition-64\">Amon<\/span> et d\u2019un <span class=\"explanatory-dictionary-highlight\" data-definition=\"explanatory-dictionary-definition-23\">naos<\/span>. \u00c0 l\u2019ouest du <span class=\"explanatory-dictionary-highlight\" data-definition=\"explanatory-dictionary-definition-41\">temple<\/span> prenaient place diff\u00e9rents \u00e9difices essentiels au bon fonctionnement du <span class=\"explanatory-dictionary-highlight\" data-definition=\"explanatory-dictionary-definition-41\">temple<\/span> : cuisine, boulangerie, \u00e9cole, magasins, b\u00e2timents administratifs\u2026 Apr\u00e8s le Nouvel Empire le Ramesseum, prot\u00e9g\u00e9 par ses hautes enceintes, servit de refuge aux habitants qui craignaient les incursions de b\u00e9douins. C\u2019est \u00e0 cette \u00e9poque que les magasins furent transform\u00e9s en lieux de s\u00e9pultures.<\/p>\n<p>&nbsp;<\/td>\n<\/tr>\n<\/tbody>\n<\/table>\n","protected":false},"excerpt":{"rendered":"<p>Le Ramesseum, ou temple de millions d\u2019ann\u00e9es de Rams\u00e8s II, se situe sur la rive ouest de la ville de Th\u00e8bes. Ce vaste ensemble architectural, construit par Penr\u00ea, fut nomm\u00e9 le \u00ab tombeau d\u2019Osymandias \u00bb par Diodore de Sicile qui en fit une description tr\u00e8s minutieuse. En tant que temple de millions d\u2019ann\u00e9es, le Ramesseum [&hellip;]<\/p>\n","protected":false},"author":2,"featured_media":1862,"parent":0,"menu_order":0,"comment_status":"closed","ping_status":"closed","template":"template-gallery-full1.php","meta":{"footnotes":""},"class_list":["post-418","page","type-page","status-publish","has-post-thumbnail","hentry"],"_links":{"self":[{"href":"https:\/\/sciencesinfusent-decouvre-egypte.univ-lille.fr\/index.php\/wp-json\/wp\/v2\/pages\/418","targetHints":{"allow":["GET"]}}],"collection":[{"href":"https:\/\/sciencesinfusent-decouvre-egypte.univ-lille.fr\/index.php\/wp-json\/wp\/v2\/pages"}],"about":[{"href":"https:\/\/sciencesinfusent-decouvre-egypte.univ-lille.fr\/index.php\/wp-json\/wp\/v2\/types\/page"}],"author":[{"embeddable":true,"href":"https:\/\/sciencesinfusent-decouvre-egypte.univ-lille.fr\/index.php\/wp-json\/wp\/v2\/users\/2"}],"replies":[{"embeddable":true,"href":"https:\/\/sciencesinfusent-decouvre-egypte.univ-lille.fr\/index.php\/wp-json\/wp\/v2\/comments?post=418"}],"version-history":[{"count":0,"href":"https:\/\/sciencesinfusent-decouvre-egypte.univ-lille.fr\/index.php\/wp-json\/wp\/v2\/pages\/418\/revisions"}],"wp:featuredmedia":[{"embeddable":true,"href":"https:\/\/sciencesinfusent-decouvre-egypte.univ-lille.fr\/index.php\/wp-json\/wp\/v2\/media\/1862"}],"wp:attachment":[{"href":"https:\/\/sciencesinfusent-decouvre-egypte.univ-lille.fr\/index.php\/wp-json\/wp\/v2\/media?parent=418"}],"curies":[{"name":"wp","href":"https:\/\/api.w.org\/{rel}","templated":true}]}}