{"id":416,"date":"2013-05-30T10:42:37","date_gmt":"2013-05-30T09:42:37","guid":{"rendered":"https:\/\/sciencesinfusent-decouvre-egypte.univ-lille.fr\/?page_id=416"},"modified":"2013-05-30T10:42:37","modified_gmt":"2013-05-30T09:42:37","slug":"louqsor-rive-ouest-temple-de-medinet-habou-nouvel-empire-xixe-dynastieu","status":"publish","type":"page","link":"https:\/\/sciencesinfusent-decouvre-egypte.univ-lille.fr\/index.php\/louqsor-rive-ouest-temple-de-medinet-habou-nouvel-empire-xixe-dynastieu","title":{"rendered":"Louqsor rive ouest, temple de Medinet Habou (Nouvel Empire, XIXe dynastie)"},"content":{"rendered":"<table width=\"100%\" border=\"0\" cellspacing=\"10\" cellpadding=\"10\">\n<tbody>\n<tr>\n<td align=\"justify\" valign=\"top\" width=\"50%\">Le <span class=\"explanatory-dictionary-highlight\" data-definition=\"explanatory-dictionary-definition-3\"><span class=\"explanatory-dictionary-highlight\" data-definition=\"explanatory-dictionary-definition-41\">temple<\/span> de millions d\u2019ann\u00e9es<\/span> de <span class=\"explanatory-dictionary-highlight\" data-definition=\"explanatory-dictionary-definition-68\">Rams\u00e8s<\/span> III se situe \u00e0 Medinet-Habou, sur la rive ouest de Th\u00e8bes, l\u2019actuelle ville de Louqsor. <span class=\"explanatory-dictionary-highlight\" data-definition=\"explanatory-dictionary-definition-68\">Rams\u00e8s<\/span> III a choisi ce lieu d\u2019implantation en raison, entre autre, de la pr\u00e9sence de la \u00ab butte de Dj\u00eam\u00e9 \u00bb, lieu de l\u2019apparition primordiale du dieu <span class=\"explanatory-dictionary-highlight\" data-definition=\"explanatory-dictionary-definition-64\">Amon<\/span>. Entour\u00e9 de hautes murailles, le <span class=\"explanatory-dictionary-highlight\" data-definition=\"explanatory-dictionary-definition-41\">temple<\/span> \u00e9tait accessible par le Migdol (entr\u00e9e fortifi\u00e9e). Pass\u00e9 celui-ci se d\u00e9veloppait une vaste esplanade et divers \u00e9difices tels que le palais royal, qui rappelait la pr\u00e9sence du roi en toute circonstance, le lac sacr\u00e9, le nilom\u00e8tre, les magasins, les logements des pr\u00eatres et des fonctionnaires, le tout enserr\u00e9 dans un mur d\u2019enceinte de briques crues \u00e9pais de plusieurs m\u00e8tres. L\u2019acc\u00e8s au <span class=\"explanatory-dictionary-highlight\" data-definition=\"explanatory-dictionary-definition-41\">temple<\/span> proprement dit s\u2019effectuait par le pyl\u00f4ne d\u00e9cor\u00e9 des traditionnelles sc\u00e8nes de massacre des ennemis. La premi\u00e8re cour, nomm\u00e9e la \u00ab cour de l\u2019arm\u00e9e \u00bb en raison du d\u00e9fil\u00e9 des troupes victorieuses repr\u00e9sent\u00e9es sur les parois, \u00e9tait ferm\u00e9e par deux portiques : l\u2019un soutenu par des piliers osiriaques repr\u00e9sentant le roi vivant et l\u2019autre par des colonnes papyriformes \u00e0 chapiteaux ouverts. La deuxi\u00e8me cour, d\u00e9cor\u00e9es de sc\u00e8nes militaires mais aussi religieuses, comprenait \u00e9galement deux portiques : le premier soutenu par des<\/td>\n<td align=\"justify\" valign=\"top\" width=\"50%\">piliers osiriaques repr\u00e9sentant le roi d\u00e9funt et le second par des colonnes papyriformes \u00e0 chapiteaux ferm\u00e9s.Les deux cours \u00e9voquaient ainsi le culte rendu au <span class=\"explanatory-dictionary-highlight\" data-definition=\"explanatory-dictionary-definition-16\">pharaon<\/span> d\u00e9funt mais \u00e9galement au <span class=\"explanatory-dictionary-highlight\" data-definition=\"explanatory-dictionary-definition-16\">pharaon<\/span> vivant dans ce <span class=\"explanatory-dictionary-highlight\" data-definition=\"explanatory-dictionary-definition-3\"><span class=\"explanatory-dictionary-highlight\" data-definition=\"explanatory-dictionary-definition-41\">temple<\/span> de millions d\u2019ann\u00e9es<\/span>. Apr\u00e8s la deuxi\u00e8me cour l\u2019on p\u00e9n\u00e9trait dans la partie sacr\u00e9e du <span class=\"explanatory-dictionary-highlight\" data-definition=\"explanatory-dictionary-definition-41\">temple<\/span>. Les d\u00e9cors de ce passage, symbolis\u00e9 par huit colonnes papyriformes, ont conserv\u00e9 toute leur polychromie. Trois salles hypostyles, dont il ne subsiste que les bases des colonnes, distribuaient toute une s\u00e9rie de pi\u00e8ces consacr\u00e9es \u00e0 diverses divinit\u00e9s et \u00e0 <span class=\"explanatory-dictionary-highlight\" data-definition=\"explanatory-dictionary-definition-68\">Rams\u00e8s<\/span> III, tandis que d\u2019autres avaient un caract\u00e8re fun\u00e9raire et d\u2019autres encore une vocation c\u00e9leste. Venait ensuite le reposoir de barque qui accueillait la barque du dieu <span class=\"explanatory-dictionary-highlight\" data-definition=\"explanatory-dictionary-definition-64\">Amon<\/span> de Karnak, puis le <span class=\"explanatory-dictionary-highlight\" data-definition=\"explanatory-dictionary-definition-23\">naos<\/span>. Pour \u00e9difier son <span class=\"explanatory-dictionary-highlight\" data-definition=\"explanatory-dictionary-definition-41\">temple<\/span>, <span class=\"explanatory-dictionary-highlight\" data-definition=\"explanatory-dictionary-definition-68\">Rams\u00e8s<\/span> III s\u2019est largement inspir\u00e9 du <span class=\"explanatory-dictionary-highlight\" data-definition=\"explanatory-dictionary-definition-3\"><span class=\"explanatory-dictionary-highlight\" data-definition=\"explanatory-dictionary-definition-41\">temple<\/span> de millions d\u2019ann\u00e9es<\/span> de <span class=\"explanatory-dictionary-highlight\" data-definition=\"explanatory-dictionary-definition-68\">Rams\u00e8s<\/span> II, tant dans son architecture que dans son programme d\u00e9coratif. Mais le <span class=\"explanatory-dictionary-highlight\" data-definition=\"explanatory-dictionary-definition-41\">temple<\/span> de <span class=\"explanatory-dictionary-highlight\" data-definition=\"explanatory-dictionary-definition-68\">Rams\u00e8s<\/span> III, ex\u00e9cut\u00e9 en totalit\u00e9 du vivant du <span class=\"explanatory-dictionary-highlight\" data-definition=\"explanatory-dictionary-definition-16\">pharaon<\/span>, offre le plus bel exemple de synth\u00e8se et d\u2019unit\u00e9 architecturale.&nbsp;<\/td>\n<\/tr>\n<\/tbody>\n<\/table>\n","protected":false},"excerpt":{"rendered":"<p>Le temple de millions d\u2019ann\u00e9es de Rams\u00e8s III se situe \u00e0 Medinet-Habou, sur la rive ouest de Th\u00e8bes, l\u2019actuelle ville de Louqsor. Rams\u00e8s III a choisi ce lieu d\u2019implantation en raison, entre autre, de la pr\u00e9sence de la \u00ab butte de Dj\u00eam\u00e9 \u00bb, lieu de l\u2019apparition primordiale du dieu Amon. Entour\u00e9 de hautes murailles, le [&hellip;]<\/p>\n","protected":false},"author":2,"featured_media":1740,"parent":0,"menu_order":0,"comment_status":"closed","ping_status":"closed","template":"template-gallery-full1.php","meta":{"footnotes":""},"class_list":["post-416","page","type-page","status-publish","has-post-thumbnail","hentry"],"_links":{"self":[{"href":"https:\/\/sciencesinfusent-decouvre-egypte.univ-lille.fr\/index.php\/wp-json\/wp\/v2\/pages\/416","targetHints":{"allow":["GET"]}}],"collection":[{"href":"https:\/\/sciencesinfusent-decouvre-egypte.univ-lille.fr\/index.php\/wp-json\/wp\/v2\/pages"}],"about":[{"href":"https:\/\/sciencesinfusent-decouvre-egypte.univ-lille.fr\/index.php\/wp-json\/wp\/v2\/types\/page"}],"author":[{"embeddable":true,"href":"https:\/\/sciencesinfusent-decouvre-egypte.univ-lille.fr\/index.php\/wp-json\/wp\/v2\/users\/2"}],"replies":[{"embeddable":true,"href":"https:\/\/sciencesinfusent-decouvre-egypte.univ-lille.fr\/index.php\/wp-json\/wp\/v2\/comments?post=416"}],"version-history":[{"count":0,"href":"https:\/\/sciencesinfusent-decouvre-egypte.univ-lille.fr\/index.php\/wp-json\/wp\/v2\/pages\/416\/revisions"}],"wp:featuredmedia":[{"embeddable":true,"href":"https:\/\/sciencesinfusent-decouvre-egypte.univ-lille.fr\/index.php\/wp-json\/wp\/v2\/media\/1740"}],"wp:attachment":[{"href":"https:\/\/sciencesinfusent-decouvre-egypte.univ-lille.fr\/index.php\/wp-json\/wp\/v2\/media?parent=416"}],"curies":[{"name":"wp","href":"https:\/\/api.w.org\/{rel}","templated":true}]}}