{"id":413,"date":"2013-05-30T10:40:24","date_gmt":"2013-05-30T09:40:24","guid":{"rendered":"https:\/\/sciencesinfusent-decouvre-egypte.univ-lille.fr\/?page_id=413"},"modified":"2013-05-30T10:40:24","modified_gmt":"2013-05-30T09:40:24","slug":"louqsor-rive-ouest-temple-dhatchepsout-nouvel-empire-xviiie-dynastie","status":"publish","type":"page","link":"https:\/\/sciencesinfusent-decouvre-egypte.univ-lille.fr\/index.php\/louqsor-rive-ouest-temple-dhatchepsout-nouvel-empire-xviiie-dynastie","title":{"rendered":"Louqsor rive ouest, temple d\u2019Hatchepsout (Nouvel Empire, XVIIIe dynastie)"},"content":{"rendered":"<table width=\"100%\" border=\"0\" cellspacing=\"10\" cellpadding=\"10\">\n<tr>\n<td width=\"50%\" valign=\"top\" align=\"justify\">\n<p>\u00c0 l&rsquo;Ancien Empire, les pharaons se faisaient construire des pyramides   pour tombeaux et le culte fun\u00e9raire leur \u00e9tait rendu dans le <span class=\"explanatory-dictionary-highlight\" data-definition=\"explanatory-dictionary-definition-41\">temple<\/span>   haut. Le lieu de s\u00e9pulture et le lieu de culte \u00e9taient donc \u00e9troitement   li\u00e9s. Au Nouvel Empire, les choses \u00e9volu\u00e8rent et <span class=\"explanatory-dictionary-highlight\" data-definition=\"explanatory-dictionary-definition-67\">Hatchepsout<\/span> fut la   premi\u00e8re \u00e0 s\u00e9parer clairement sa s\u00e9pulture de son lieu de culte. Elle   fut \u00e9galement la premi\u00e8re \u00e0 creuser sa tombe dans la Vall\u00e9e des Rois, \u00e0   l&rsquo;abri des pilleurs, et \u00e0 construire un <span class=\"explanatory-dictionary-highlight\" data-definition=\"explanatory-dictionary-definition-41\">temple<\/span> de millions d&rsquo;ann\u00e9es. Ce   type de <span class=\"explanatory-dictionary-highlight\" data-definition=\"explanatory-dictionary-definition-41\">temple<\/span> sert \u00e0 rendre le culte au <span class=\"explanatory-dictionary-highlight\" data-definition=\"explanatory-dictionary-definition-16\">pharaon<\/span> d\u00e9funt, comme   traditionnellement, mais \u00e9galement du vivant du <span class=\"explanatory-dictionary-highlight\" data-definition=\"explanatory-dictionary-definition-16\">pharaon<\/span>. Le <span class=\"explanatory-dictionary-highlight\" data-definition=\"explanatory-dictionary-definition-41\">temple<\/span>   d&rsquo;<span class=\"explanatory-dictionary-highlight\" data-definition=\"explanatory-dictionary-definition-67\">Hatchepsout<\/span> se trouve dans le cirque de Deir el-Bahari, sur la rive   ouest de Th\u00e8bes, aux c\u00f4t\u00e9s des temples de Montouhotep II et de   Thoutmosis III. Le <span class=\"explanatory-dictionary-highlight\" data-definition=\"explanatory-dictionary-definition-41\">temple<\/span>, construit par l&rsquo;architecte Senenmout et d\u00e9di\u00e9   \u00e0 <span class=\"explanatory-dictionary-highlight\" data-definition=\"explanatory-dictionary-definition-57\">Hathor<\/span>, ma\u00eetresse de la montagne th\u00e9baine, est consid\u00e9r\u00e9 aujourd&rsquo;hui   comme l&rsquo;un des plus originaux de l&rsquo;\u00c9gypte ancienne, notamment en raison   de son apparente l\u00e9g\u00e8ret\u00e9.<\/p>\n<\/td>\n<td width=\"50%\" valign=\"top\" align=\"justify\">\n<p data-mce-style=\"text-align: justify;\">Il se compose de trois terrasses. L&rsquo;acc\u00e8s \u00e0 la premi\u00e8re d&rsquo;entre elles   s&rsquo;effectuait par une chauss\u00e9e montante bord\u00e9e de sphinx. Cette terrasse   \u00e9tait ferm\u00e9e par un double portique dont le d\u00e9cor repr\u00e9sentait des   \u00e9v\u00e9nements importants du r\u00e8gne d&rsquo;<span class=\"explanatory-dictionary-highlight\" data-definition=\"explanatory-dictionary-definition-67\">Hatchepsout<\/span>. La deuxi\u00e8me terrasse   comptait un premier portique o\u00f9 \u00e9tait racont\u00e9 le voyage de la reine au   pays de Pount, une chapelle d\u00e9di\u00e9e \u00e0 <span class=\"explanatory-dictionary-highlight\" data-definition=\"explanatory-dictionary-definition-57\">Hathor<\/span>, un deuxi\u00e8me portique o\u00f9   \u00e9tait expliqu\u00e9e la naissance de la reine, et une chapelle d\u00e9di\u00e9e \u00e0   <span class=\"explanatory-dictionary-highlight\" data-definition=\"explanatory-dictionary-definition-63\">Anubis<\/span>. Enfin, la troisi\u00e8me terrasse, pr\u00e9c\u00e9d\u00e9e d&rsquo;un portique comprenant   de nombreux piliers osiriaques, \u00e9tait compos\u00e9e d&rsquo;une cour \u00e0 ciel ouvert   qui donnait acc\u00e8s \u00e0 une salle servant \u00e0 accueillir la barque du dieu   <span class=\"explanatory-dictionary-highlight\" data-definition=\"explanatory-dictionary-definition-64\">Amon<\/span>. Hatchesout ayant acc\u00e9d\u00e9 au pouvoir en \u00e9cartant du tr\u00f4ne le jeune   et l\u00e9gitime Thoutmosis III, celle-ci n&rsquo;a eu de cesse, par le choix des   sc\u00e8nes repr\u00e9sent\u00e9es dans son <span class=\"explanatory-dictionary-highlight\" data-definition=\"explanatory-dictionary-definition-41\">temple<\/span>, d&rsquo;essayer de prouver que c&rsquo;\u00e9tait   elle qui avait \u00e9t\u00e9 choisie par les dieux pour r\u00e9gner sur l&rsquo;\u00c9gypte.<\/p>\n<p>&nbsp;<\/p>\n<\/td>\n<\/tr>\n<\/table>\n","protected":false},"excerpt":{"rendered":"<p>\u00c0 l&rsquo;Ancien Empire, les pharaons se faisaient construire des pyramides pour tombeaux et le culte fun\u00e9raire leur \u00e9tait rendu dans le temple haut. Le lieu de s\u00e9pulture et le lieu de culte \u00e9taient donc \u00e9troitement li\u00e9s. Au Nouvel Empire, les choses \u00e9volu\u00e8rent et Hatchepsout fut la premi\u00e8re \u00e0 s\u00e9parer clairement sa s\u00e9pulture de son lieu [&hellip;]<\/p>\n","protected":false},"author":2,"featured_media":1966,"parent":0,"menu_order":0,"comment_status":"closed","ping_status":"closed","template":"template-gallery-full1.php","meta":{"footnotes":""},"class_list":["post-413","page","type-page","status-publish","has-post-thumbnail","hentry"],"_links":{"self":[{"href":"https:\/\/sciencesinfusent-decouvre-egypte.univ-lille.fr\/index.php\/wp-json\/wp\/v2\/pages\/413","targetHints":{"allow":["GET"]}}],"collection":[{"href":"https:\/\/sciencesinfusent-decouvre-egypte.univ-lille.fr\/index.php\/wp-json\/wp\/v2\/pages"}],"about":[{"href":"https:\/\/sciencesinfusent-decouvre-egypte.univ-lille.fr\/index.php\/wp-json\/wp\/v2\/types\/page"}],"author":[{"embeddable":true,"href":"https:\/\/sciencesinfusent-decouvre-egypte.univ-lille.fr\/index.php\/wp-json\/wp\/v2\/users\/2"}],"replies":[{"embeddable":true,"href":"https:\/\/sciencesinfusent-decouvre-egypte.univ-lille.fr\/index.php\/wp-json\/wp\/v2\/comments?post=413"}],"version-history":[{"count":0,"href":"https:\/\/sciencesinfusent-decouvre-egypte.univ-lille.fr\/index.php\/wp-json\/wp\/v2\/pages\/413\/revisions"}],"wp:featuredmedia":[{"embeddable":true,"href":"https:\/\/sciencesinfusent-decouvre-egypte.univ-lille.fr\/index.php\/wp-json\/wp\/v2\/media\/1966"}],"wp:attachment":[{"href":"https:\/\/sciencesinfusent-decouvre-egypte.univ-lille.fr\/index.php\/wp-json\/wp\/v2\/media?parent=413"}],"curies":[{"name":"wp","href":"https:\/\/api.w.org\/{rel}","templated":true}]}}