{"id":411,"date":"2013-05-30T10:39:54","date_gmt":"2013-05-30T09:39:54","guid":{"rendered":"https:\/\/sciencesinfusent-decouvre-egypte.univ-lille.fr\/?page_id=411"},"modified":"2013-05-30T10:39:54","modified_gmt":"2013-05-30T09:39:54","slug":"louqsor-rive-est-temple-de-louqsor-nouvel-empire","status":"publish","type":"page","link":"https:\/\/sciencesinfusent-decouvre-egypte.univ-lille.fr\/index.php\/louqsor-rive-est-temple-de-louqsor-nouvel-empire","title":{"rendered":"Louqsor rive est, temple de Louqsor (Nouvel Empire)"},"content":{"rendered":"<table width=\"100%\" border=\"0\" cellspacing=\"10\" cellpadding=\"10\">\n<tbody>\n<tr>\n<td align=\"justify\" valign=\"top\" width=\"50%\">Le <span class=\"explanatory-dictionary-highlight\" data-definition=\"explanatory-dictionary-definition-41\">temple<\/span> de Louqsor se situe, comme son nom l\u2019indique, au c\u0153ur de la ville de Louqsor, nom actuel de l\u2019ancienne Th\u00e8bes. Les temples de Karnak et de Louqsor formaient un bin\u00f4me divin autour duquel s\u2019activait toute la vie \u00e9conomique et religieuse de la r\u00e9gion th\u00e9baine. Le dieu <span class=\"explanatory-dictionary-highlight\" data-definition=\"explanatory-dictionary-definition-64\">Amon<\/span> \u00e9tait c\u00e9l\u00e9br\u00e9 \u00e0 Karnak et le dieu Min \u00e9tait c\u00e9l\u00e9br\u00e9 \u00e0 Louqsor. Les deux temples \u00e9taient reli\u00e9s par une voie processionnelle ou dromos compos\u00e9e de sphinx \u00e0 t\u00eate de b\u00e9lier (criosphinx). Le <span class=\"explanatory-dictionary-highlight\" data-definition=\"explanatory-dictionary-definition-41\">temple<\/span> de Louqsor \u00e9tait le lieu d\u2019arr\u00eat des processions du dieu <span class=\"explanatory-dictionary-highlight\" data-definition=\"explanatory-dictionary-definition-64\">Amon<\/span> pour la belle f\u00eate d\u2019Opet. \u00c0 cette occasion, <span class=\"explanatory-dictionary-highlight\" data-definition=\"explanatory-dictionary-definition-64\">Amon<\/span> r\u00e9g\u00e9n\u00e9rait son pouvoir cr\u00e9ateur en rendant visite \u00e0 Min, en compagnie de son \u00e9pouse <span class=\"explanatory-dictionary-highlight\" data-definition=\"explanatory-dictionary-definition-54\">Mout<\/span> et de son fils Khonsou. Le <span class=\"explanatory-dictionary-highlight\" data-definition=\"explanatory-dictionary-definition-41\">temple<\/span> de Min est beaucoup plus modeste que celui d\u2019<span class=\"explanatory-dictionary-highlight\" data-definition=\"explanatory-dictionary-definition-64\">Amon<\/span>. Il devait exister depuis le Moyen Empire un sanctuaire primitif, mais les vestiges les plus anciens encore visibles aujourd\u2019hui sont une triple chapelle reposoir de barque construite par <span class=\"explanatory-dictionary-highlight\" data-definition=\"explanatory-dictionary-definition-67\">Hatchepsout<\/span> et Thoutmosis III. Cette chapelle, d\u00e9di\u00e9e \u00e0 <span class=\"explanatory-dictionary-highlight\" data-definition=\"explanatory-dictionary-definition-64\">Amon<\/span>, <span class=\"explanatory-dictionary-highlight\" data-definition=\"explanatory-dictionary-definition-54\">Mout<\/span> et Khonsou, terminait la voie processionnelle. Le <span class=\"explanatory-dictionary-highlight\" data-definition=\"explanatory-dictionary-definition-41\">temple<\/span> que l\u2019on peut admirer aujourd\u2019hui connut plusieurs b\u00e2tisseurs.<\/td>\n<td align=\"justify\" valign=\"top\" width=\"50%\">Le premier d\u2019entre eux est Amenhotep III qui confia \u00e0 son architecte, Amenhotep fils de Hapou, la construction de l\u2019\u00e9difice. Celui-ci comprenait le sanctuaire, compos\u00e9 d\u2019une multitude de pi\u00e8ces telles que la salle de la naissance ou le <span class=\"explanatory-dictionary-highlight\" data-definition=\"explanatory-dictionary-definition-23\">naos<\/span>, la cour \u00e0 p\u00e9ristyle et la grande colonnade. Cette derni\u00e8re n\u2019\u00e9tait pas achev\u00e9e lorsque le <span class=\"explanatory-dictionary-highlight\" data-definition=\"explanatory-dictionary-definition-16\">pharaon<\/span> mourut et ses successeurs y apport\u00e8rent des modifications. Le parvis qui existait devant la grande colonnade \u00e0 l\u2019\u00e9poque d\u2019Amenhotep III fut transform\u00e9 en une cour \u00e0 p\u00e9ristyle par <span class=\"explanatory-dictionary-highlight\" data-definition=\"explanatory-dictionary-definition-68\">Rams\u00e8s<\/span> II. Ce dernier ajouta \u00e9galement un pyl\u00f4ne d\u2019entr\u00e9e pr\u00e9c\u00e9d\u00e9 de deux statues monumentales \u00e0 son effigie et de deux ob\u00e9lisques (l\u2019un d\u2019entre eux, offert \u00e0 la France par l\u2019\u00c9gypte, est aujourd\u2019hui au centre de la place de la Concorde \u00e0 Paris). Nous ignorons quel \u00e9tait le programme de construction global pens\u00e9 par Amenhotep III, mais <span class=\"explanatory-dictionary-highlight\" data-definition=\"explanatory-dictionary-definition-68\">Rams\u00e8s<\/span> II parvint \u00e0 usurper la plupart des monuments ex\u00e9cut\u00e9s \u00e0 l\u2019image du <span class=\"explanatory-dictionary-highlight\" data-definition=\"explanatory-dictionary-definition-16\">pharaon<\/span>. La derni\u00e8re grande transformation du <span class=\"explanatory-dictionary-highlight\" data-definition=\"explanatory-dictionary-definition-41\">temple<\/span> date de l\u2019\u00e9poque romaine car une vaste forteresse fut plac\u00e9e autour de ce dernier. Puis les monuments romains furent \u00e0 leur tour d\u00e9mont\u00e9s lorsque l\u2019\u00c9gypte devint chr\u00e9tienne. Les pierres servirent alors \u00e0 \u00e9difier des \u00e9glises : on d\u00e9nombre trois basiliques sur le site pharaonique.&nbsp;<\/td>\n<\/tr>\n<\/tbody>\n<\/table>\n","protected":false},"excerpt":{"rendered":"<p>Le temple de Louqsor se situe, comme son nom l\u2019indique, au c\u0153ur de la ville de Louqsor, nom actuel de l\u2019ancienne Th\u00e8bes. Les temples de Karnak et de Louqsor formaient un bin\u00f4me divin autour duquel s\u2019activait toute la vie \u00e9conomique et religieuse de la r\u00e9gion th\u00e9baine. Le dieu Amon \u00e9tait c\u00e9l\u00e9br\u00e9 \u00e0 Karnak et le [&hellip;]<\/p>\n","protected":false},"author":2,"featured_media":1708,"parent":0,"menu_order":0,"comment_status":"closed","ping_status":"closed","template":"template-gallery-full1.php","meta":{"footnotes":""},"class_list":["post-411","page","type-page","status-publish","has-post-thumbnail","hentry"],"_links":{"self":[{"href":"https:\/\/sciencesinfusent-decouvre-egypte.univ-lille.fr\/index.php\/wp-json\/wp\/v2\/pages\/411","targetHints":{"allow":["GET"]}}],"collection":[{"href":"https:\/\/sciencesinfusent-decouvre-egypte.univ-lille.fr\/index.php\/wp-json\/wp\/v2\/pages"}],"about":[{"href":"https:\/\/sciencesinfusent-decouvre-egypte.univ-lille.fr\/index.php\/wp-json\/wp\/v2\/types\/page"}],"author":[{"embeddable":true,"href":"https:\/\/sciencesinfusent-decouvre-egypte.univ-lille.fr\/index.php\/wp-json\/wp\/v2\/users\/2"}],"replies":[{"embeddable":true,"href":"https:\/\/sciencesinfusent-decouvre-egypte.univ-lille.fr\/index.php\/wp-json\/wp\/v2\/comments?post=411"}],"version-history":[{"count":0,"href":"https:\/\/sciencesinfusent-decouvre-egypte.univ-lille.fr\/index.php\/wp-json\/wp\/v2\/pages\/411\/revisions"}],"wp:featuredmedia":[{"embeddable":true,"href":"https:\/\/sciencesinfusent-decouvre-egypte.univ-lille.fr\/index.php\/wp-json\/wp\/v2\/media\/1708"}],"wp:attachment":[{"href":"https:\/\/sciencesinfusent-decouvre-egypte.univ-lille.fr\/index.php\/wp-json\/wp\/v2\/media?parent=411"}],"curies":[{"name":"wp","href":"https:\/\/api.w.org\/{rel}","templated":true}]}}