{"id":409,"date":"2013-05-30T10:39:22","date_gmt":"2013-05-30T09:39:22","guid":{"rendered":"https:\/\/sciencesinfusent-decouvre-egypte.univ-lille.fr\/?page_id=409"},"modified":"2013-05-30T10:39:22","modified_gmt":"2013-05-30T09:39:22","slug":"louqsor-rive-est-domaine-damon-de-karnak-nouvel-empire","status":"publish","type":"page","link":"https:\/\/sciencesinfusent-decouvre-egypte.univ-lille.fr\/index.php\/louqsor-rive-est-domaine-damon-de-karnak-nouvel-empire","title":{"rendered":"Louqsor rive est, domaine d\u2019Amon de Karnak (Nouvel Empire)"},"content":{"rendered":"<table width=\"100%\" border=\"0\" cellspacing=\"10\" cellpadding=\"10\">\n<tr>\n<td width=\"50%\" valign=\"top\" align=\"justify\">\n<p>Le domaine d&rsquo;<span class=\"explanatory-dictionary-highlight\" data-definition=\"explanatory-dictionary-definition-64\">Amon<\/span> de Karnak se situe \u00e0   proximit\u00e9 de Louqsor, nom actuel de l&rsquo;ancienne Th\u00e8bes. D\u00e8s le d\u00e9but du   Nouvel Empire, cette cit\u00e9 fut la plus importante d&rsquo;\u00c9gypte et cela   s&rsquo;accentua tout au long de la p\u00e9riode : Th\u00e8bes devint alors la m\u00e9tropole   religieuse et politique du pays. Cet \u00e9tat des choses s&rsquo;explique en   grande partie par le r\u00f4le que jou\u00e8rent les pr\u00eatres du dieu <span class=\"explanatory-dictionary-highlight\" data-definition=\"explanatory-dictionary-definition-64\">Amon<\/span>. Ces   pr\u00eatres, r\u00e9unis en clerg\u00e9 et dirig\u00e9s par le premier proph\u00e8te, devinrent   peu \u00e0 peu le fondement de la l\u00e9gitimit\u00e9 du pouvoir royal. Le dieu <span class=\"explanatory-dictionary-highlight\" data-definition=\"explanatory-dictionary-definition-64\">Amon<\/span>,   auparavant quasi inconnu, occupa ainsi le rang de dieu national et   devint la divinit\u00e9 garante de la s\u00e9curit\u00e9 du pays. Il \u00e9tait donc   primordial de lui rendre hommage et <span class=\"explanatory-dictionary-highlight\" data-definition=\"explanatory-dictionary-definition-16\">pharaon<\/span>   accordait ainsi \u00e0 son clerg\u00e9 immunit\u00e9 fiscale et privil\u00e8ges. Toutes les   richesses du pays parvenaient \u00e0 Karnak, lieu de r\u00e9sidence d&rsquo;<span class=\"explanatory-dictionary-highlight\" data-definition=\"explanatory-dictionary-definition-64\">Amon<\/span> et de   son clerg\u00e9, et celui-ci devint un \u00e9tat dans l&rsquo;\u00e9tat. Mais les pharaons   \u00e9gyptiens prirent trop tard conscience de ce d\u00e9s\u00e9quilibre et de cette   menace grandissante. La puissance d&rsquo;<span class=\"explanatory-dictionary-highlight\" data-definition=\"explanatory-dictionary-definition-64\">Amon<\/span> et de ses pr\u00eatres atteignit son   apog\u00e9e avec les derniers ramessides, lorsque ces derniers c\u00e9d\u00e8rent le   pouvoir \u00e0 des rois pr\u00eatres.<\/p>\n<p>Les \u00e9difices sacr\u00e9s de Karnak occupent trois domaines d\u00e9di\u00e9s \u00e0 <span class=\"explanatory-dictionary-highlight\" data-definition=\"explanatory-dictionary-definition-64\">Amon<\/span>, <span class=\"explanatory-dictionary-highlight\" data-definition=\"explanatory-dictionary-definition-54\">Mout<\/span>   et Montou. Ces domaines sont reli\u00e9s entre eux par une all\u00e9e   processionnelle ou dromos bord\u00e9e de sphinx \u00e0 t\u00eate humaine ou \u00e0 t\u00eate de   b\u00e9lier (criosphinx). <\/p>\n<\/td>\n<td width=\"50%\" valign=\"top\" align=\"justify\">\n<p data-mce-style=\"text-align: justify;\"> Le domaine d&rsquo;<span class=\"explanatory-dictionary-highlight\" data-definition=\"explanatory-dictionary-definition-64\">Amon<\/span> r\u00e9uni un <span class=\"explanatory-dictionary-highlight\" data-definition=\"explanatory-dictionary-definition-41\">temple<\/span>   principal, un lac sacr\u00e9 et des \u00e9difices compl\u00e9mentaires : autres   temples, chapelles, reposoirs de barques sacr\u00e9es, magasins des   offrandes, ateliers, habitations des pr\u00eatres\u2026 Dans le domaine d&rsquo;<span class=\"explanatory-dictionary-highlight\" data-definition=\"explanatory-dictionary-definition-64\">Amon<\/span> se   sont accumul\u00e9s, pendant plus de deux mill\u00e9naires, tous ces types   d&rsquo;\u00e9difices. Car contrairement aux temples ptol\u00e9ma\u00efques construits selon   un programme architectural \u00e9tabli \u00e0 l&rsquo;avance, aucun plan d&rsquo;ensemble ni   aucune ordonnance n&rsquo;ont \u00e9t\u00e9 d\u00e9finis pour la distribution des b\u00e2timents   au sein du domaine d&rsquo;<span class=\"explanatory-dictionary-highlight\" data-definition=\"explanatory-dictionary-definition-64\">Amon<\/span>. Les premiers \u00e9difices construits \u00e0 Karnak   n&rsquo;ont pas \u00e9t\u00e9 retrouv\u00e9s, mais il devait exister un noyau cultuel ancien   remontant aux premi\u00e8res dynasties. Aujourd&rsquo;hui, le grand <span class=\"explanatory-dictionary-highlight\" data-definition=\"explanatory-dictionary-definition-41\">temple<\/span> d&rsquo;<span class=\"explanatory-dictionary-highlight\" data-definition=\"explanatory-dictionary-definition-64\">Amon<\/span>   \u00e9chelonne ses dix pyl\u00f4nes sur deux axes et de nombreuses autres   constructions sont encore visibles. Tel est le cas de la gigantesque   salle hypostyle compos\u00e9es de colonnes pouvant atteindre 22 m\u00e8tres de   hauteur, du reposoir des barques de S\u00e9thi II, du lac sacr\u00e9, de   l&rsquo;akh-menou de Thoutmosis III c\u00e9l\u00e9brant la f\u00eate du Heb-Sed, ou encore de   la chapelle blanche de S\u00e9sostris Ier et de la chapelle rouge d&rsquo;HatchepsoutPremi\u00e8re   femme \u00e0 prendre les titres et les attributs propres au <span class=\"explanatory-dictionary-highlight\" data-definition=\"explanatory-dictionary-definition-16\">pharaon<\/span>, elle   mena un r\u00e8gne prosp\u00e8re. Ce dernier fut marqu\u00e9 par d&rsquo;importantes   exp\u00e9ditions \u00e0 l&rsquo;\u00e9tranger, et par la construction de son <span class=\"explanatory-dictionary-highlight\" data-definition=\"explanatory-dictionary-definition-41\">temple<\/span> de   millions d&rsquo;ann\u00e9es \u00e0 Deir el-Bahari, sur la rive ouest de Th\u00e8bes. \u00c0 sa   mort, <span class=\"explanatory-dictionary-highlight\" data-definition=\"explanatory-dictionary-definition-67\">Hatchepsout<\/span> fut enterr\u00e9e dans la Vall\u00e9e des Rois (Th\u00e8bes) et sa   momie, aujourd&rsquo;hui conserv\u00e9e au mus\u00e9e \u00e9gyptien du Caire, aurait   r\u00e9cemment \u00e9t\u00e9 identifi\u00e9e..<\/p>\n<p>&nbsp;<\/p>\n<\/td>\n<\/tr>\n<\/table>\n","protected":false},"excerpt":{"rendered":"<p>Le domaine d&rsquo;Amon de Karnak se situe \u00e0 proximit\u00e9 de Louqsor, nom actuel de l&rsquo;ancienne Th\u00e8bes. D\u00e8s le d\u00e9but du Nouvel Empire, cette cit\u00e9 fut la plus importante d&rsquo;\u00c9gypte et cela s&rsquo;accentua tout au long de la p\u00e9riode : Th\u00e8bes devint alors la m\u00e9tropole religieuse et politique du pays. Cet \u00e9tat des choses s&rsquo;explique en [&hellip;]<\/p>\n","protected":false},"author":2,"featured_media":1694,"parent":0,"menu_order":0,"comment_status":"closed","ping_status":"closed","template":"template-gallery-full1.php","meta":{"footnotes":""},"class_list":["post-409","page","type-page","status-publish","has-post-thumbnail","hentry"],"_links":{"self":[{"href":"https:\/\/sciencesinfusent-decouvre-egypte.univ-lille.fr\/index.php\/wp-json\/wp\/v2\/pages\/409","targetHints":{"allow":["GET"]}}],"collection":[{"href":"https:\/\/sciencesinfusent-decouvre-egypte.univ-lille.fr\/index.php\/wp-json\/wp\/v2\/pages"}],"about":[{"href":"https:\/\/sciencesinfusent-decouvre-egypte.univ-lille.fr\/index.php\/wp-json\/wp\/v2\/types\/page"}],"author":[{"embeddable":true,"href":"https:\/\/sciencesinfusent-decouvre-egypte.univ-lille.fr\/index.php\/wp-json\/wp\/v2\/users\/2"}],"replies":[{"embeddable":true,"href":"https:\/\/sciencesinfusent-decouvre-egypte.univ-lille.fr\/index.php\/wp-json\/wp\/v2\/comments?post=409"}],"version-history":[{"count":0,"href":"https:\/\/sciencesinfusent-decouvre-egypte.univ-lille.fr\/index.php\/wp-json\/wp\/v2\/pages\/409\/revisions"}],"wp:featuredmedia":[{"embeddable":true,"href":"https:\/\/sciencesinfusent-decouvre-egypte.univ-lille.fr\/index.php\/wp-json\/wp\/v2\/media\/1694"}],"wp:attachment":[{"href":"https:\/\/sciencesinfusent-decouvre-egypte.univ-lille.fr\/index.php\/wp-json\/wp\/v2\/media?parent=409"}],"curies":[{"name":"wp","href":"https:\/\/api.w.org\/{rel}","templated":true}]}}