{"id":407,"date":"2013-05-30T10:38:55","date_gmt":"2013-05-30T09:38:55","guid":{"rendered":"https:\/\/sciencesinfusent-decouvre-egypte.univ-lille.fr\/?page_id=407"},"modified":"2013-05-30T10:38:55","modified_gmt":"2013-05-30T09:38:55","slug":"louqsor-rive-ouest-village-de-deir-el-medineh-nouvel-empire","status":"publish","type":"page","link":"https:\/\/sciencesinfusent-decouvre-egypte.univ-lille.fr\/index.php\/louqsor-rive-ouest-village-de-deir-el-medineh-nouvel-empire","title":{"rendered":"Louqsor rive ouest, village de Deir el-Medineh (Nouvel Empire)"},"content":{"rendered":"<table width=\"100%\" border=\"0\" cellspacing=\"10\" cellpadding=\"10\">\n<tbody>\n<tr>\n<td align=\"justify\" valign=\"top\" width=\"50%\">Au c\u0153ur de la montagne th\u00e9baine, sur la rive ouest de Th\u00e8bes, se trouve un village qui \u00e9tait appel\u00e9 en \u00e9gyptien Set-<span class=\"explanatory-dictionary-highlight\" data-definition=\"explanatory-dictionary-definition-55\">Ma\u00e2t<\/span> (La Place de <span class=\"explanatory-dictionary-highlight\" data-definition=\"explanatory-dictionary-definition-55\">Ma\u00e2t<\/span>). Ce village \u00e9tait celui des ouvriers qui, durant le Nouvel Empire, \u00e9taient charg\u00e9s du creusement et de la d\u00e9coration des tombes royales de la Vall\u00e9e des Rois et de la Vall\u00e9e des Reines. En 1811 Bernardino Drovetti, alors consul de France, donne les premiers coups de pioche sur le site, mais c\u2019est essentiellement \u00e0 Bernard Bruy\u00e8re que nous devons la fouille arch\u00e9ologique de ce village de Deir el-Medineh. Cette fouille fit alors sensation car il est tr\u00e8s rare de d\u00e9couvrir des habitations, celles-ci \u00e9tant g\u00e9n\u00e9ralement construites en mat\u00e9riaux p\u00e9rissables puisque non faites pour durer. La documentation d\u00e9couverte lors des fouilles fut exceptionnelle et cela entre autre gr\u00e2ce \u00e0 la d\u00e9couverte du \u00ab puits aux ostraca \u00bb. Ce trou, d\u2019une profondeur de 50 m\u00e8tres, servi de d\u00e9potoir aux habitants du village qui y jet\u00e8rent notamment plus de 5000 ostraca (tessons de poterie ou \u00e9clats de calcaire) constituant des archives documentaires, des textes litt\u00e9raires et des textes sur le quotidien des habitants. Ces sources permirent de conna\u00eetre avec pr\u00e9cision la vie de ces ouvriers sp\u00e9cialis\u00e9s divis\u00e9s en corporations, travaillant en \u00e9quipe et d\u00e9pendant de l\u2019administration royale qui leur fournissait les outils et la mati\u00e8re premi\u00e8re, et les payait en nature. Ces ouvriers vivaient au village avec leur famille qui, comme eux, \u00e9tait tenue au secret afin de ne pas r\u00e9v\u00e9ler l\u2019emplacement des tombes royales et \u00e9viter ainsi les pillages. Le village s\u2019\u00e9tendait sur environ 135 m\u00e8tres de long et 50 m\u00e8tres de large et les maisons,<\/td>\n<td align=\"justify\" valign=\"top\" width=\"50%\">construites en briques crues, pr\u00e9sentaient un certain confort. Chaque ouvrier souhaitait \u00e9galement poss\u00e9der une tombe pour lui et sa famille et il utilisait donc son temps libre \u00e0 sa construction et \u00e0 sa d\u00e9coration. Ces tombes pr\u00e9sentaient une architecture originale : au fond d\u2019une cour close par un mur d\u2019enceinte se trouvait la chapelle dont l\u2019entr\u00e9e \u00e9tait surmont\u00e9e d\u2019une <span class=\"explanatory-dictionary-highlight\" data-definition=\"explanatory-dictionary-definition-42\">pyramide<\/span>. L\u2019acc\u00e8s au caveau s\u2019effectuait par un puits fun\u00e9raire s\u2019ouvrant dans la cour ou dans la chapelle. Ce puits amenait \u00e0 un vestibule puis au caveau proprement dit qui, chose rare, \u00e9tait enti\u00e8rement d\u00e9cor\u00e9. \u00c0 la fin du Nouvel Empire le village n\u2019eut plus lieu d\u2019\u00eatre car les pharaons cess\u00e8rent de se faire enterrer dans la montagne th\u00e9baine lorsque le pouvoir passa aux mains des Grands Pr\u00eatres d\u2019<span class=\"explanatory-dictionary-highlight\" data-definition=\"explanatory-dictionary-definition-64\">Amon<\/span>.Le long du village de Deir el-Medineh fut construit, \u00e0 l\u2019\u00e9poque ptol\u00e9ma\u00efque, un <span class=\"explanatory-dictionary-highlight\" data-definition=\"explanatory-dictionary-definition-41\">temple<\/span> d\u00e9di\u00e9 aux d\u00e9esses <span class=\"explanatory-dictionary-highlight\" data-definition=\"explanatory-dictionary-definition-57\">Hathor<\/span> et <span class=\"explanatory-dictionary-highlight\" data-definition=\"explanatory-dictionary-definition-55\">Ma\u00e2t<\/span>. Ce <span class=\"explanatory-dictionary-highlight\" data-definition=\"explanatory-dictionary-definition-41\">temple<\/span>, qui prend place sur des structures cultuelles plus anciennes, fut commenc\u00e9 sous le r\u00e8gne de Ptol\u00e9m\u00e9e IV Philopator et achev\u00e9 sous celui de Ptol\u00e9m\u00e9e VIII Everg\u00e8te II. \u00c0 l\u2019int\u00e9rieur du mur d\u2019enceinte se dresse le <span class=\"explanatory-dictionary-highlight\" data-definition=\"explanatory-dictionary-definition-41\">temple<\/span> aux dimensions modestes comprenant un vestibule, un <span class=\"explanatory-dictionary-highlight\" data-definition=\"explanatory-dictionary-definition-14\">pronaos<\/span> et trois chapelles, dont l\u2019une d\u00e9di\u00e9e \u00e0 <span class=\"explanatory-dictionary-highlight\" data-definition=\"explanatory-dictionary-definition-57\">Hathor<\/span>-<span class=\"explanatory-dictionary-highlight\" data-definition=\"explanatory-dictionary-definition-55\">Ma\u00e2t<\/span>. Sur les c\u00f4t\u00e9s du <span class=\"explanatory-dictionary-highlight\" data-definition=\"explanatory-dictionary-definition-41\">temple<\/span> prend place des chapelles votives et des d\u00e9pendances, et \u00e0 l\u2019arri\u00e8re une chapelle d\u2019\u00e9poque romaine a \u00e9t\u00e9 ajout\u00e9e. Tout comme les autres temples de l\u2019\u00e9poque ptol\u00e9ma\u00efque, ce petit <span class=\"explanatory-dictionary-highlight\" data-definition=\"explanatory-dictionary-definition-41\">temple<\/span> fut construit et d\u00e9cor\u00e9 dans les r\u00e8gles de l\u2019art avec le respect des cultes \u00e9gyptiens.<\/td>\n<\/tr>\n<\/tbody>\n<\/table>\n","protected":false},"excerpt":{"rendered":"<p>Au c\u0153ur de la montagne th\u00e9baine, sur la rive ouest de Th\u00e8bes, se trouve un village qui \u00e9tait appel\u00e9 en \u00e9gyptien Set-Ma\u00e2t (La Place de Ma\u00e2t). Ce village \u00e9tait celui des ouvriers qui, durant le Nouvel Empire, \u00e9taient charg\u00e9s du creusement et de la d\u00e9coration des tombes royales de la Vall\u00e9e des Rois et de [&hellip;]<\/p>\n","protected":false},"author":2,"featured_media":1969,"parent":0,"menu_order":0,"comment_status":"closed","ping_status":"closed","template":"template-gallery-full.php","meta":{"footnotes":""},"class_list":["post-407","page","type-page","status-publish","has-post-thumbnail","hentry"],"_links":{"self":[{"href":"https:\/\/sciencesinfusent-decouvre-egypte.univ-lille.fr\/index.php\/wp-json\/wp\/v2\/pages\/407","targetHints":{"allow":["GET"]}}],"collection":[{"href":"https:\/\/sciencesinfusent-decouvre-egypte.univ-lille.fr\/index.php\/wp-json\/wp\/v2\/pages"}],"about":[{"href":"https:\/\/sciencesinfusent-decouvre-egypte.univ-lille.fr\/index.php\/wp-json\/wp\/v2\/types\/page"}],"author":[{"embeddable":true,"href":"https:\/\/sciencesinfusent-decouvre-egypte.univ-lille.fr\/index.php\/wp-json\/wp\/v2\/users\/2"}],"replies":[{"embeddable":true,"href":"https:\/\/sciencesinfusent-decouvre-egypte.univ-lille.fr\/index.php\/wp-json\/wp\/v2\/comments?post=407"}],"version-history":[{"count":0,"href":"https:\/\/sciencesinfusent-decouvre-egypte.univ-lille.fr\/index.php\/wp-json\/wp\/v2\/pages\/407\/revisions"}],"wp:featuredmedia":[{"embeddable":true,"href":"https:\/\/sciencesinfusent-decouvre-egypte.univ-lille.fr\/index.php\/wp-json\/wp\/v2\/media\/1969"}],"wp:attachment":[{"href":"https:\/\/sciencesinfusent-decouvre-egypte.univ-lille.fr\/index.php\/wp-json\/wp\/v2\/media?parent=407"}],"curies":[{"name":"wp","href":"https:\/\/api.w.org\/{rel}","templated":true}]}}