{"id":402,"date":"2013-05-30T10:37:05","date_gmt":"2013-05-30T09:37:05","guid":{"rendered":"https:\/\/sciencesinfusent-decouvre-egypte.univ-lille.fr\/?page_id=402"},"modified":"2013-05-30T10:37:05","modified_gmt":"2013-05-30T09:37:05","slug":"gizeh-pyramides-ancien-empire-iiie-dynastie","status":"publish","type":"page","link":"https:\/\/sciencesinfusent-decouvre-egypte.univ-lille.fr\/index.php\/gizeh-pyramides-ancien-empire-iiie-dynastie","title":{"rendered":"Gizeh, pyramides (Ancien Empire, IIIe dynastie)"},"content":{"rendered":"<table width=\"100%\" border=\"0\" cellspacing=\"10\" cellpadding=\"10\">\n<tr>\n<td width=\"50%\" valign=\"top\" align=\"justify\">\n<p>La IVe dynastie est, sans conteste, celle des grands b\u00e2tisseurs de pyramides. Les pharaons\u00a0<span class=\"explanatory-dictionary-highlight\" data-definition=\"explanatory-dictionary-definition-71\">Ch\u00e9ops<\/span>, Ch\u00e9phren et Myk\u00e9rinos, de la m\u00eame lign\u00e9e familiale, choisirent de construire leurs complexes fun\u00e9raires sur le site de\u00a0<span class=\"explanatory-dictionary-highlight\" data-definition=\"explanatory-dictionary-definition-43\">Gizeh<\/span>,\u00a0 \u00e0 proximit\u00e9 du Caire. Ces complexes, localis\u00e9s sur la rive ouest du\u00a0<span class=\"explanatory-dictionary-highlight\" data-definition=\"explanatory-dictionary-definition-73\">Nil<\/span>, se composaient des m\u00eames \u00e9l\u00e9ments : un port fun\u00e9raire reli\u00e9 au <span class=\"explanatory-dictionary-highlight\" data-definition=\"explanatory-dictionary-definition-73\">Nil<\/span> par des canaux, un\u00a0<span class=\"explanatory-dictionary-highlight\" data-definition=\"explanatory-dictionary-definition-41\">temple<\/span>\u00a0d&rsquo;accueil o\u00f9 \u00e9taient effectu\u00e9s les rites fun\u00e9raires essentiels au d\u00e9funt, une longue chauss\u00e9e montante qui mat\u00e9rialisait la mont\u00e9e vers le monde des morts, un <span class=\"explanatory-dictionary-highlight\" data-definition=\"explanatory-dictionary-definition-41\">temple<\/span> haut o\u00f9 se pratiquait le service de l&rsquo;offrande pour le roi d\u00e9funt et enfin la\u00a0<span class=\"explanatory-dictionary-highlight\" data-definition=\"explanatory-dictionary-definition-42\">pyramide<\/span>, tombeau du\u00a0<span class=\"explanatory-dictionary-highlight\" data-definition=\"explanatory-dictionary-definition-16\">pharaon<\/span>. Des installations annexes compl\u00e9taient \u00e9galement ces complexes fun\u00e9raires : des pyramides satellites, des fosses contenant des barques mises \u00e0 disposition du d\u00e9funt, la n\u00e9cropole royale, des structures administratives et les logements des pr\u00eatres charg\u00e9s du culte royal. Le complexe fun\u00e9raire de l&rsquo;Ancien Empire est un v\u00e9ritable moyen de survivre dans l&rsquo;au-del\u00e0 et est aussi un lieu de m\u00e9moire, construit pour traverser les si\u00e8cles. <span class=\"explanatory-dictionary-highlight\" data-definition=\"explanatory-dictionary-definition-71\">Ch\u00e9ops<\/span> a construit la plus imposante des pyramides. D&rsquo;une largeur de base de 230 m\u00e8tres environ pour une hauteur de 146 m\u00e8tres, il ne s&rsquo;agit pas de la premi\u00e8re <span class=\"explanatory-dictionary-highlight\" data-definition=\"explanatory-dictionary-definition-42\">pyramide<\/span> \u00e0 faces triangulaires (construite par son p\u00e8re Sn\u00e9frou \u00e0 Dashour), mais de la plus parfaite. L&rsquo;originalit\u00e9 de cette <span class=\"explanatory-dictionary-highlight\" data-definition=\"explanatory-dictionary-definition-42\">pyramide<\/span> tient \u00e9galement \u00e0 sa chambre fun\u00e9raire, qui semble avoir \u00e9t\u00e9 pr\u00e9vue \u00e0 trois emplacements diff\u00e9rents, et \u00e0 la construction de la grande galerie couverte d&rsquo;une magnifique vo\u00fbte en encorbellement et qui m\u00e8ne \u00e0 la derni\u00e8re des chambres fun\u00e9raires. \u00c0 proximit\u00e9 du <span class=\"explanatory-dictionary-highlight\" data-definition=\"explanatory-dictionary-definition-41\">temple<\/span> haut ont \u00e9galement \u00e9t\u00e9 retrouv\u00e9es deux fosses dans lesquelles ont \u00e9t\u00e9 d\u00e9couvertes deux barques gigantesques enti\u00e8rement d\u00e9mont\u00e9es. <\/p>\n<\/td>\n<td width=\"50%\" valign=\"top\" align=\"justify\">\n<p>L&rsquo;une d&rsquo;entre-elles, totalement remont\u00e9e et d&rsquo;une longueur de 43 m\u00e8tres environ, est aujourd&rsquo;hui visible au mus\u00e9e de la barque construit sur l&rsquo;emplacement exact de l&rsquo;une des fosses. Des trois pyramides de <span class=\"explanatory-dictionary-highlight\" data-definition=\"explanatory-dictionary-definition-43\">Gizeh<\/span> celle de Ch\u00e9phren est la seule \u00e0 a voir conserv\u00e9, \u00e0 son sommet, son parement de calcaire. Contrairement \u00e0 celle de son pr\u00e9d\u00e9cesseur, la <span class=\"explanatory-dictionary-highlight\" data-definition=\"explanatory-dictionary-definition-42\">pyramide<\/span> de Ch\u00e9phren est de dimensions plus r\u00e9duites et ne compte qu&rsquo;une seule chambre fun\u00e9raire. Mais l&rsquo;originalit\u00e9 du complexe fun\u00e9raire de Ch\u00e9phren r\u00e9side dans la pr\u00e9sence du sphinx qui se dresse le long de la chauss\u00e9e montante. Ce dernier, taill\u00e9 directement dans le rocher et \u00e0 la ressemblance de Ch\u00e9phren, est un compromis entre le lion et le souverain. Le lion symbolise la force mais il est \u00e9galement per\u00e7u comme un gardien, et en se faisant repr\u00e9senter de la sorte Ch\u00e9phren a sans doute souhait\u00e9 se placer comme gardien de l&rsquo;\u00c9gypte et peut-\u00eatre aussi de la n\u00e9cropole.<\/p>\n<p>Fils de Ch\u00e9phren, Myk\u00e9rinos se fit \u00e9galement construire une <span class=\"explanatory-dictionary-highlight\" data-definition=\"explanatory-dictionary-definition-42\">pyramide<\/span>, mais aux dimensions toujours plus r\u00e9duites. Myk\u00e9rinos mourut avant l&rsquo;ach\u00e8vement de son complexe et c&rsquo;est Chepseskaf, son successeur, qui se chargea de le terminer. La forme pyramidale continua d&rsquo;\u00eatre utilis\u00e9e durant la fin de l&rsquo;Ancien Empire et au cours du Moyen Empire. Cependant, en raison d&rsquo;une diminution importante des moyens financiers, ce choix architectural ne fut plus syst\u00e9matique, la taille des pyramides fut plus modeste et les techniques de construction beaucoup moins performantes. C&rsquo;est pourquoi beaucoup de ces pyramides, contrairement \u00e0 celles de <span class=\"explanatory-dictionary-highlight\" data-definition=\"explanatory-dictionary-definition-43\">Gizeh<\/span>, sont aujourd&rsquo;hui \u00e9croul\u00e9es.<\/p>\n<\/td>\n<\/tr>\n<\/table>\n","protected":false},"excerpt":{"rendered":"<p>La IVe dynastie est, sans conteste, celle des grands b\u00e2tisseurs de pyramides. Les pharaons\u00a0Ch\u00e9ops, Ch\u00e9phren et Myk\u00e9rinos, de la m\u00eame lign\u00e9e familiale, choisirent de construire leurs complexes fun\u00e9raires sur le site de\u00a0Gizeh,\u00a0 \u00e0 proximit\u00e9 du Caire. Ces complexes, localis\u00e9s sur la rive ouest du\u00a0Nil, se composaient des m\u00eames \u00e9l\u00e9ments : un port fun\u00e9raire reli\u00e9 au [&hellip;]<\/p>\n","protected":false},"author":2,"featured_media":1904,"parent":0,"menu_order":0,"comment_status":"closed","ping_status":"closed","template":"template-gallery-full1.php","meta":{"footnotes":""},"class_list":["post-402","page","type-page","status-publish","has-post-thumbnail","hentry"],"_links":{"self":[{"href":"https:\/\/sciencesinfusent-decouvre-egypte.univ-lille.fr\/index.php\/wp-json\/wp\/v2\/pages\/402","targetHints":{"allow":["GET"]}}],"collection":[{"href":"https:\/\/sciencesinfusent-decouvre-egypte.univ-lille.fr\/index.php\/wp-json\/wp\/v2\/pages"}],"about":[{"href":"https:\/\/sciencesinfusent-decouvre-egypte.univ-lille.fr\/index.php\/wp-json\/wp\/v2\/types\/page"}],"author":[{"embeddable":true,"href":"https:\/\/sciencesinfusent-decouvre-egypte.univ-lille.fr\/index.php\/wp-json\/wp\/v2\/users\/2"}],"replies":[{"embeddable":true,"href":"https:\/\/sciencesinfusent-decouvre-egypte.univ-lille.fr\/index.php\/wp-json\/wp\/v2\/comments?post=402"}],"version-history":[{"count":0,"href":"https:\/\/sciencesinfusent-decouvre-egypte.univ-lille.fr\/index.php\/wp-json\/wp\/v2\/pages\/402\/revisions"}],"wp:featuredmedia":[{"embeddable":true,"href":"https:\/\/sciencesinfusent-decouvre-egypte.univ-lille.fr\/index.php\/wp-json\/wp\/v2\/media\/1904"}],"wp:attachment":[{"href":"https:\/\/sciencesinfusent-decouvre-egypte.univ-lille.fr\/index.php\/wp-json\/wp\/v2\/media?parent=402"}],"curies":[{"name":"wp","href":"https:\/\/api.w.org\/{rel}","templated":true}]}}