{"id":398,"date":"2013-05-30T10:35:45","date_gmt":"2013-05-30T09:35:45","guid":{"rendered":"https:\/\/sciencesinfusent-decouvre-egypte.univ-lille.fr\/?page_id=398"},"modified":"2013-05-30T10:35:45","modified_gmt":"2013-05-30T09:35:45","slug":"edfou-temple-horus","status":"publish","type":"page","link":"https:\/\/sciencesinfusent-decouvre-egypte.univ-lille.fr\/index.php\/edfou-temple-horus","title":{"rendered":"Edfou, temple d\u2019Horus (p\u00e9riode ptol\u00e9ma\u00efque)"},"content":{"rendered":"<table width=\"100%\" border=\"0\" cellspacing=\"10\" cellpadding=\"10\">\n<tr>\n<td width=\"50%\" valign=\"top\" align=\"justify\">\n<p>Le <span class=\"explanatory-dictionary-highlight\" data-definition=\"explanatory-dictionary-definition-41\">temple<\/span> d&rsquo;Edfou, qui se situe \u00e0 une centaine de kilom\u00e8tres au sud de   Louqsor, est d\u00e9di\u00e9 au dieu <span class=\"explanatory-dictionary-highlight\" data-definition=\"explanatory-dictionary-definition-62\">Horus<\/span>. Fils d&rsquo;<span class=\"explanatory-dictionary-highlight\" data-definition=\"explanatory-dictionary-definition-56\">Isis<\/span> et d&rsquo;<span class=\"explanatory-dictionary-highlight\" data-definition=\"explanatory-dictionary-definition-60\">Osiris<\/span>, et repr\u00e9sent\u00e9   comme un faucon ou comme un homme \u00e0 t\u00eate de faucon, il est l&rsquo;une des   formes du soleil et a pour r\u00f4le de d\u00e9truire les forces du mal. La ville   d&rsquo;Edfou est une place essentielle depuis l&rsquo;Ancien Empire et   l&rsquo;agglom\u00e9ration a laiss\u00e9, \u00e0 c\u00f4t\u00e9 du <span class=\"explanatory-dictionary-highlight\" data-definition=\"explanatory-dictionary-definition-41\">temple<\/span>, de nombreux vestiges. Ce   <span class=\"explanatory-dictionary-highlight\" data-definition=\"explanatory-dictionary-definition-41\">temple<\/span>, commenc\u00e9 le 23 ao\u00fbt 237av. J.-C. sous Ptol\u00e9m\u00e9e Everg\u00e8te Ier   et termin\u00e9 en 57 av. J.-C. sous Ptol\u00e9m\u00e9e XII N\u00e9os Dionysos, est parvenu   \u00e0 l&rsquo;accomplissement total de la conception id\u00e9ale d&rsquo;un <span class=\"explanatory-dictionary-highlight\" data-definition=\"explanatory-dictionary-definition-41\">temple<\/span> \u00e9gyptien.   Le programme architectural fut ex\u00e9cut\u00e9 sans modification d&rsquo;un bout \u00e0   l&rsquo;autre de la construction et les parties intimes du <span class=\"explanatory-dictionary-highlight\" data-definition=\"explanatory-dictionary-definition-41\">temple<\/span> ne sont pas   sans rappeler la r\u00e9partition des espaces sacr\u00e9s du <span class=\"explanatory-dictionary-highlight\" data-definition=\"explanatory-dictionary-definition-41\">temple<\/span> de Dend\u00e9rah.   En effet, apr\u00e8s un pyl\u00f4ne imposant et une cour \u00e0 ciel ouvert prend place   le <span class=\"explanatory-dictionary-highlight\" data-definition=\"explanatory-dictionary-definition-14\">pronaos<\/span>, suivi d&rsquo;une s\u00e9rie de pi\u00e8ces dont la salle de l&rsquo;apparition,   la salle des offrandes, la salle de l&rsquo;<span class=\"explanatory-dictionary-highlight\" data-definition=\"explanatory-dictionary-definition-29\">Enn\u00e9ade<\/span>, la <em>ou\u00e2bet<\/em>, le couloir myst\u00e9rieux, le <span class=\"explanatory-dictionary-highlight\" data-definition=\"explanatory-dictionary-definition-23\">naos<\/span> et les chapelles d\u00e9di\u00e9es \u00e0 diff\u00e9rentes divinit\u00e9s. <\/p>\n<\/td>\n<td width=\"50%\" valign=\"top\" align=\"justify\">\n<p>Un grand d\u00e9ambulatoire, dans lequel a \u00e9t\u00e9 inscrit le c\u00e9l\u00e8bre \u00ab\u00a0Texte   dramatique d&rsquo;Edfou\u00a0\u00bb qui raconte la bataille entre <span class=\"explanatory-dictionary-highlight\" data-definition=\"explanatory-dictionary-definition-62\">Horus<\/span> et <span class=\"explanatory-dictionary-highlight\" data-definition=\"explanatory-dictionary-definition-9\">Seth<\/span>,   permettait \u00e9galement aux pr\u00eatres de circuler autour de ces espaces et de   rejoindre la cour du <span class=\"explanatory-dictionary-highlight\" data-definition=\"explanatory-dictionary-definition-41\">temple<\/span>. Aux c\u00f4t\u00e9s du <span class=\"explanatory-dictionary-highlight\" data-definition=\"explanatory-dictionary-definition-41\">temple<\/span> prenaient place un lac   sacr\u00e9, dont il ne reste rien aujourd&rsquo;hui, un mammisi (maison de la   naissance) dans lequel \u00e9tait racont\u00e9e la naissance d&rsquo;Harsomtous, fils   d&rsquo;<span class=\"explanatory-dictionary-highlight\" data-definition=\"explanatory-dictionary-definition-62\">Horus<\/span> et d&rsquo;<span class=\"explanatory-dictionary-highlight\" data-definition=\"explanatory-dictionary-definition-57\">Hathor<\/span>, et le kiosque d&rsquo;apparition du faucon. Mais cet   \u00e9difice est fort d\u00e9truit, tout comme la vaste enceinte qui formait   l&rsquo;aire sacr\u00e9e du <span class=\"explanatory-dictionary-highlight\" data-definition=\"explanatory-dictionary-definition-41\">temple<\/span>. De nombreuses f\u00eates se d\u00e9roulaient \u00e0 Edfou et   l&rsquo;une des plus importantes \u00e9tait la rencontre d&rsquo;<span class=\"explanatory-dictionary-highlight\" data-definition=\"explanatory-dictionary-definition-57\">Hathor<\/span> de Dend\u00e9rah avec   <span class=\"explanatory-dictionary-highlight\" data-definition=\"explanatory-dictionary-definition-62\">Horus<\/span> d&rsquo;Edfou. La d\u00e9esse <span class=\"explanatory-dictionary-highlight\" data-definition=\"explanatory-dictionary-definition-57\">Hathor<\/span> partait de Dend\u00e9rah en direction d&rsquo;Edfou   et <span class=\"explanatory-dictionary-highlight\" data-definition=\"explanatory-dictionary-definition-62\">Horus<\/span> partait d&rsquo;Edfou \u00e0 la rencontre de son \u00e9pouse. Puis des   festivit\u00e9s avaient lieu \u00e0 Edfou en l&rsquo;honneur des deux divinit\u00e9s durant   la totalit\u00e9 du s\u00e9jour de la d\u00e9esse. Cette f\u00eate populaire, \u00e0 laquelle   participait la population, pr\u00e9parait le renouveau de l&rsquo;ann\u00e9e et   l&rsquo;arriv\u00e9e de la crue. Les textes inscrits \u00e0 ce sujet \u00e0 Edfou compl\u00e8tent   ceux de Dend\u00e9rah.<\/p>\n<\/td>\n<\/tr>\n<\/table>\n","protected":false},"excerpt":{"rendered":"<p>Le temple d&rsquo;Edfou, qui se situe \u00e0 une centaine de kilom\u00e8tres au sud de Louqsor, est d\u00e9di\u00e9 au dieu Horus. Fils d&rsquo;Isis et d&rsquo;Osiris, et repr\u00e9sent\u00e9 comme un faucon ou comme un homme \u00e0 t\u00eate de faucon, il est l&rsquo;une des formes du soleil et a pour r\u00f4le de d\u00e9truire les forces du mal. La [&hellip;]<\/p>\n","protected":false},"author":2,"featured_media":1625,"parent":0,"menu_order":0,"comment_status":"closed","ping_status":"closed","template":"template-gallery-full1.php","meta":{"footnotes":""},"class_list":["post-398","page","type-page","status-publish","has-post-thumbnail","hentry"],"_links":{"self":[{"href":"https:\/\/sciencesinfusent-decouvre-egypte.univ-lille.fr\/index.php\/wp-json\/wp\/v2\/pages\/398","targetHints":{"allow":["GET"]}}],"collection":[{"href":"https:\/\/sciencesinfusent-decouvre-egypte.univ-lille.fr\/index.php\/wp-json\/wp\/v2\/pages"}],"about":[{"href":"https:\/\/sciencesinfusent-decouvre-egypte.univ-lille.fr\/index.php\/wp-json\/wp\/v2\/types\/page"}],"author":[{"embeddable":true,"href":"https:\/\/sciencesinfusent-decouvre-egypte.univ-lille.fr\/index.php\/wp-json\/wp\/v2\/users\/2"}],"replies":[{"embeddable":true,"href":"https:\/\/sciencesinfusent-decouvre-egypte.univ-lille.fr\/index.php\/wp-json\/wp\/v2\/comments?post=398"}],"version-history":[{"count":0,"href":"https:\/\/sciencesinfusent-decouvre-egypte.univ-lille.fr\/index.php\/wp-json\/wp\/v2\/pages\/398\/revisions"}],"wp:featuredmedia":[{"embeddable":true,"href":"https:\/\/sciencesinfusent-decouvre-egypte.univ-lille.fr\/index.php\/wp-json\/wp\/v2\/media\/1625"}],"wp:attachment":[{"href":"https:\/\/sciencesinfusent-decouvre-egypte.univ-lille.fr\/index.php\/wp-json\/wp\/v2\/media?parent=398"}],"curies":[{"name":"wp","href":"https:\/\/api.w.org\/{rel}","templated":true}]}}