{"id":394,"date":"2013-05-30T10:33:58","date_gmt":"2013-05-30T09:33:58","guid":{"rendered":"https:\/\/sciencesinfusent-decouvre-egypte.univ-lille.fr\/?page_id=394"},"modified":"2013-05-30T10:33:58","modified_gmt":"2013-05-30T09:33:58","slug":"dashour-pyramides-de-snefrou-ancien-empire-ive-dynastie","status":"publish","type":"page","link":"https:\/\/sciencesinfusent-decouvre-egypte.univ-lille.fr\/index.php\/dashour-pyramides-de-snefrou-ancien-empire-ive-dynastie","title":{"rendered":"Dashour, pyramides de Sn\u00e9frou (Ancien Empire, IVe dynastie)"},"content":{"rendered":"<table width=\"100%\" border=\"0\" cellspacing=\"10\" cellpadding=\"10\">\n<tr>\n<td width=\"50%\" valign=\"top\" align=\"justify\">\n<p>Sn\u00e9frou, fondateur de la IVe dynastie, fit construire ses   deux complexes fun\u00e9raires \u00e0 Dashour, \u00e0 une dizaine de kilom\u00e8tres du site   de Saqqarah. Sous son r\u00e8gne, la <span class=\"explanatory-dictionary-highlight\" data-definition=\"explanatory-dictionary-definition-42\">pyramide<\/span>   \u00e0 degr\u00e9s devient la v\u00e9ritable <span class=\"explanatory-dictionary-highlight\" data-definition=\"explanatory-dictionary-definition-42\">pyramide<\/span> \u00e0 faces triangulaires. La   premi\u00e8re <span class=\"explanatory-dictionary-highlight\" data-definition=\"explanatory-dictionary-definition-42\">pyramide<\/span> probablement construite par Sn\u00e9frou est la <span class=\"explanatory-dictionary-highlight\" data-definition=\"explanatory-dictionary-definition-42\">pyramide<\/span>   dite \u00ab\u00a0rhombo\u00efdale\u00a0\u00bb. Cette <span class=\"explanatory-dictionary-highlight\" data-definition=\"explanatory-dictionary-definition-42\">pyramide<\/span> aurait d\u00fb s&rsquo;\u00e9lever \u00e0 128 m\u00e8tres de   hauteur, mais des probl\u00e8mes survenus au cours de sa r\u00e9alisation   oblig\u00e8rent les architectes \u00e0 diminuer la pente de plus de 11\u00b0 \u00e0 partir   du niveau d\u00e9j\u00e0 atteint. C&rsquo;est ainsi que la <span class=\"explanatory-dictionary-highlight\" data-definition=\"explanatory-dictionary-definition-42\">pyramide<\/span> eu sa forme   rhombo\u00efdale.\u00a0Deux entr\u00e9es, l&rsquo;une au nord et l&rsquo;autre \u00e0 l&rsquo;ouest,   permettaient d&rsquo;acc\u00e9der \u00e0 deux chambres couvertes en encorbellement<\/p>\n<p>Apr\u00e8s le semi \u00e9chec de la construction de sa premi\u00e8re <span class=\"explanatory-dictionary-highlight\" data-definition=\"explanatory-dictionary-definition-42\">pyramide<\/span>, Sn\u00e9frou a   probablement transform\u00e9 la <span class=\"explanatory-dictionary-highlight\" data-definition=\"explanatory-dictionary-definition-42\">pyramide<\/span> \u00e0 degr\u00e9s de son pr\u00e9d\u00e9cesseur Houni   en <span class=\"explanatory-dictionary-highlight\" data-definition=\"explanatory-dictionary-definition-42\">pyramide<\/span> \u00e0 faces triangulaires. <\/p>\n<\/td>\n<td width=\"50%\" valign=\"top\" align=\"justify\">\n<p> Puis il a fait construire une seconde   <span class=\"explanatory-dictionary-highlight\" data-definition=\"explanatory-dictionary-definition-42\">pyramide<\/span>, appel\u00e9e \u00ab\u00a0<span class=\"explanatory-dictionary-highlight\" data-definition=\"explanatory-dictionary-definition-42\">pyramide<\/span> rouge\u00a0\u00bb en raison de la couleur que   prennent ses pierres au coucher du soleil, \u00e0 moins de 2 kilom\u00e8tres au   nord de la <span class=\"explanatory-dictionary-highlight\" data-definition=\"explanatory-dictionary-definition-42\">pyramide<\/span> rhombo\u00efdale.<\/p>\n<p>Il s&rsquo;agit de la premi\u00e8re <span class=\"explanatory-dictionary-highlight\" data-definition=\"explanatory-dictionary-definition-42\">pyramide<\/span> \u00e0   faces triangulaires r\u00e9ussie. Cette <span class=\"explanatory-dictionary-highlight\" data-definition=\"explanatory-dictionary-definition-42\">pyramide<\/span> poss\u00e8de une seule entr\u00e9e qui   s&rsquo;ouvre sur une descenderie menant \u00e0 deux antichambres couvertes selon   le principe de l&rsquo;encorbellement. Ces vo\u00fbtes, d&rsquo;une grande perfection,   s&rsquo;\u00e9tagent jusqu&rsquo;\u00e0 12 et 15 m\u00e8tres de hauteur pour couvrir des salles de 4   m\u00e8tres de large environ. Quant \u00e0 la chambre fun\u00e9raire, elle est situ\u00e9e \u00e0   un niveau sup\u00e9rieur et n&rsquo;\u00e9tait accessible que par un petit couloir   prenant naissance \u00e0 mi hauteur de la vo\u00fbte de la seconde salle. Apr\u00e8s   les fun\u00e9railles, l&rsquo;embouchure \u00e9tait alors soigneusement dissimul\u00e9e.<\/p>\n<\/td>\n<\/tr>\n<\/table>\n","protected":false},"excerpt":{"rendered":"<p>Sn\u00e9frou, fondateur de la IVe dynastie, fit construire ses deux complexes fun\u00e9raires \u00e0 Dashour, \u00e0 une dizaine de kilom\u00e8tres du site de Saqqarah. Sous son r\u00e8gne, la pyramide \u00e0 degr\u00e9s devient la v\u00e9ritable pyramide \u00e0 faces triangulaires. La premi\u00e8re pyramide probablement construite par Sn\u00e9frou est la pyramide dite \u00ab\u00a0rhombo\u00efdale\u00a0\u00bb. Cette pyramide aurait d\u00fb s&rsquo;\u00e9lever \u00e0 [&hellip;]<\/p>\n","protected":false},"author":2,"featured_media":1545,"parent":0,"menu_order":0,"comment_status":"closed","ping_status":"closed","template":"template-gallery-full.php","meta":{"footnotes":""},"class_list":["post-394","page","type-page","status-publish","has-post-thumbnail","hentry"],"_links":{"self":[{"href":"https:\/\/sciencesinfusent-decouvre-egypte.univ-lille.fr\/index.php\/wp-json\/wp\/v2\/pages\/394","targetHints":{"allow":["GET"]}}],"collection":[{"href":"https:\/\/sciencesinfusent-decouvre-egypte.univ-lille.fr\/index.php\/wp-json\/wp\/v2\/pages"}],"about":[{"href":"https:\/\/sciencesinfusent-decouvre-egypte.univ-lille.fr\/index.php\/wp-json\/wp\/v2\/types\/page"}],"author":[{"embeddable":true,"href":"https:\/\/sciencesinfusent-decouvre-egypte.univ-lille.fr\/index.php\/wp-json\/wp\/v2\/users\/2"}],"replies":[{"embeddable":true,"href":"https:\/\/sciencesinfusent-decouvre-egypte.univ-lille.fr\/index.php\/wp-json\/wp\/v2\/comments?post=394"}],"version-history":[{"count":0,"href":"https:\/\/sciencesinfusent-decouvre-egypte.univ-lille.fr\/index.php\/wp-json\/wp\/v2\/pages\/394\/revisions"}],"wp:featuredmedia":[{"embeddable":true,"href":"https:\/\/sciencesinfusent-decouvre-egypte.univ-lille.fr\/index.php\/wp-json\/wp\/v2\/media\/1545"}],"wp:attachment":[{"href":"https:\/\/sciencesinfusent-decouvre-egypte.univ-lille.fr\/index.php\/wp-json\/wp\/v2\/media?parent=394"}],"curies":[{"name":"wp","href":"https:\/\/api.w.org\/{rel}","templated":true}]}}