{"id":391,"date":"2013-05-30T10:32:41","date_gmt":"2013-05-30T09:32:41","guid":{"rendered":"https:\/\/sciencesinfusent-decouvre-egypte.univ-lille.fr\/?page_id=391"},"modified":"2019-05-03T15:36:29","modified_gmt":"2019-05-03T13:36:29","slug":"abydos-temple-sethi-ier","status":"publish","type":"page","link":"https:\/\/sciencesinfusent-decouvre-egypte.univ-lille.fr\/index.php\/abydos-temple-sethi-ier","title":{"rendered":"Abydos, temple de S\u00e9thi Ier (Nouvel Empire, XIXe dynastie)"},"content":{"rendered":"<table width=\"100%\" cellspacing=\"10\" cellpadding=\"10\" border=\"0\">\n<tbody>\n<tr>\n<td width=\"50%\" valign=\"top\" align=\"justify\">Le site d\u2019Abydos est situ\u00e9 au nord de Louqsor. Les plus anciennes traces de peuplement remontent \u00e0 l\u2019\u00e9poque pr\u00e9dynastique et c\u2019est \u00e9galement le lieu d\u2019inhumation des pharaons des premi\u00e8res dynasties. Abydos \u00e9tait alors un centre religieux important d\u00e9di\u00e9 au Premier des Occidentaux, le chef des morts. \u00c0 la fin de l\u2019Ancien Empire cette divinit\u00e9 fut identifi\u00e9e au dieu&nbsp;<span class=\"explanatory-dictionary-highlight\" data-definition=\"explanatory-dictionary-definition-60\">Osiris<\/span>. Au Moyen Empire, Abydos fut le principal centre religieux populaire du pays&nbsp;: les \u00ab&nbsp;myst\u00e8res d\u2019<span class=\"explanatory-dictionary-highlight\" data-definition=\"explanatory-dictionary-definition-60\">Osiris<\/span>&nbsp;\u00bb, ensemble de rituels \u00e9voquant la vie, la mort et la r\u00e9surrection du dieu, attiraient des p\u00e8lerins de toute l\u2019\u00c9gypte, et les pharaons commenc\u00e8rent \u00e0 s\u2019y faire construire des temples. Au Nouvel Empire, cette activit\u00e9 de construction culmina avec les temples de S\u00e9thi Ier&nbsp;et de&nbsp;<span class=\"explanatory-dictionary-highlight\" data-definition=\"explanatory-dictionary-definition-68\">Rams\u00e8s<\/span>&nbsp;II. Ces \u00ab&nbsp;temples de millions d\u2019ann\u00e9es&nbsp;\u00bb \u00e9taient, comme \u00e0 Th\u00e8bes, vou\u00e9s au culte royal et&nbsp;<span class=\"explanatory-dictionary-highlight\" data-definition=\"explanatory-dictionary-definition-16\">pharaon<\/span>&nbsp;\u00e9tait, dans la mort, assimil\u00e9 \u00e0 <span class=\"explanatory-dictionary-highlight\" data-definition=\"explanatory-dictionary-definition-60\">Osiris<\/span>.Le&nbsp;<span class=\"explanatory-dictionary-highlight\" data-definition=\"explanatory-dictionary-definition-41\">temple<\/span>&nbsp;de S\u00e9thi Ier&nbsp;est localis\u00e9 sur la rive est du&nbsp;<span class=\"explanatory-dictionary-highlight\" data-definition=\"explanatory-dictionary-definition-73\">Nil<\/span>, \u00e0 la limite du d\u00e9sert. Il a une forme inhabituelle en L et ses am\u00e9nagements int\u00e9rieurs pr\u00e9sentent des diff\u00e9rences par rapport \u00e0 la tradition.<\/td>\n<td width=\"50%\" valign=\"top\" align=\"justify\">Il se compose, entre autres, de deux salles hypostyles, de sept chapelles, d\u2019un corridor du taureau o\u00f9 <span class=\"explanatory-dictionary-highlight\" data-definition=\"explanatory-dictionary-definition-68\">Rams\u00e8s<\/span> II et son fils sont repr\u00e9sent\u00e9s prenant un taureau au lasso, d\u2019une salle des anc\u00eatres pr\u00e9sentant S\u00e9thi Ier&nbsp;et <span class=\"explanatory-dictionary-highlight\" data-definition=\"explanatory-dictionary-definition-68\">Rams\u00e8s<\/span> II faisant des offrandes devant une liste compos\u00e9e des noms de 76 rois (liste royale d\u2019Abydos), de magasins et d\u2019un palais royal.\u00c0 l\u2019arri\u00e8re du <span class=\"explanatory-dictionary-highlight\" data-definition=\"explanatory-dictionary-definition-41\">temple<\/span> se situe l\u2019Osireion. Il s\u2019agit d\u2019un c\u00e9notaphe de S\u00e9thi Ier&nbsp;consid\u00e9r\u00e9 comme le lieu d\u2019inhumation d\u2019<span class=\"explanatory-dictionary-highlight\" data-definition=\"explanatory-dictionary-definition-60\">Osiris<\/span>. Cet \u00e9difice fut commenc\u00e9 par S\u00e9thi Ier&nbsp;mais achev\u00e9 70 ans plus tard par son petit-fils M\u00e9renptah. Le long corridor en L de l\u2019Osireion aboutit \u00e0 une fausse chambre fun\u00e9raire souterraine. Un&nbsp;<span class=\"explanatory-dictionary-highlight\" data-definition=\"explanatory-dictionary-definition-11\">sarcophage<\/span>&nbsp;s\u2019\u00e9levait sur un petit monticule au centre de la salle cern\u00e9e par un canal rempli d\u2019eau. Ce monticule symbolise le tertre primordial qui a \u00e9merg\u00e9 du Noun et donc la renaissance pour <span class=\"explanatory-dictionary-highlight\" data-definition=\"explanatory-dictionary-definition-60\">Osiris<\/span> et S\u00e9thi Ier. \u00c0 l\u2019origine, l\u2019Osireion \u00e9tait recouvert par quelques m\u00e8tres de terre constituant une butte plant\u00e9e d\u2019arbres qui simulait la tombe d\u2019<span class=\"explanatory-dictionary-highlight\" data-definition=\"explanatory-dictionary-definition-60\">Osiris<\/span>. Aujourd\u2019hui, en raison de l\u2019\u00e9l\u00e9vation de la nappe phr\u00e9atique, l\u2019\u00e9difice est constamment inond\u00e9.<\/td>\n<\/tr>\n<\/tbody>\n<\/table>\n","protected":false},"excerpt":{"rendered":"<p>Le site d\u2019Abydos est situ\u00e9 au nord de Louqsor. Les plus anciennes traces de peuplement remontent \u00e0 l\u2019\u00e9poque pr\u00e9dynastique et c\u2019est \u00e9galement le lieu d\u2019inhumation des pharaons des premi\u00e8res dynasties. Abydos \u00e9tait alors un centre religieux important d\u00e9di\u00e9 au Premier des Occidentaux, le chef des morts. \u00c0 la fin de l\u2019Ancien Empire cette divinit\u00e9 fut [&hellip;]<\/p>\n","protected":false},"author":2,"featured_media":2031,"parent":0,"menu_order":0,"comment_status":"closed","ping_status":"closed","template":"template-gallery-full1.php","meta":{"footnotes":""},"class_list":["post-391","page","type-page","status-publish","has-post-thumbnail","hentry"],"_links":{"self":[{"href":"https:\/\/sciencesinfusent-decouvre-egypte.univ-lille.fr\/index.php\/wp-json\/wp\/v2\/pages\/391","targetHints":{"allow":["GET"]}}],"collection":[{"href":"https:\/\/sciencesinfusent-decouvre-egypte.univ-lille.fr\/index.php\/wp-json\/wp\/v2\/pages"}],"about":[{"href":"https:\/\/sciencesinfusent-decouvre-egypte.univ-lille.fr\/index.php\/wp-json\/wp\/v2\/types\/page"}],"author":[{"embeddable":true,"href":"https:\/\/sciencesinfusent-decouvre-egypte.univ-lille.fr\/index.php\/wp-json\/wp\/v2\/users\/2"}],"replies":[{"embeddable":true,"href":"https:\/\/sciencesinfusent-decouvre-egypte.univ-lille.fr\/index.php\/wp-json\/wp\/v2\/comments?post=391"}],"version-history":[{"count":1,"href":"https:\/\/sciencesinfusent-decouvre-egypte.univ-lille.fr\/index.php\/wp-json\/wp\/v2\/pages\/391\/revisions"}],"predecessor-version":[{"id":2030,"href":"https:\/\/sciencesinfusent-decouvre-egypte.univ-lille.fr\/index.php\/wp-json\/wp\/v2\/pages\/391\/revisions\/2030"}],"wp:featuredmedia":[{"embeddable":true,"href":"https:\/\/sciencesinfusent-decouvre-egypte.univ-lille.fr\/index.php\/wp-json\/wp\/v2\/media\/2031"}],"wp:attachment":[{"href":"https:\/\/sciencesinfusent-decouvre-egypte.univ-lille.fr\/index.php\/wp-json\/wp\/v2\/media?parent=391"}],"curies":[{"name":"wp","href":"https:\/\/api.w.org\/{rel}","templated":true}]}}