{"id":1294,"date":"2013-09-20T07:55:14","date_gmt":"2013-09-20T06:55:14","guid":{"rendered":"https:\/\/sciencesinfusent-decouvre-egypte.univ-lille.fr\/?page_id=1294"},"modified":"2020-10-02T16:26:49","modified_gmt":"2020-10-02T14:26:49","slug":"mentions-legales","status":"publish","type":"page","link":"https:\/\/sciencesinfusent-decouvre-egypte.univ-lille.fr\/index.php\/mentions-legales","title":{"rendered":"Mentions l\u00e9gales"},"content":{"rendered":"\n<p><a href=\"https:\/\/sciencesinfusent-decouvre-egypte.univ-lille.fr\/index.php\/espace-decouverte\/phototheque\">Photos<\/a><\/p>\n\n\n<p><strong>Identit\u00e9<\/strong><\/p>\n<p><a title=\"Universit\u00e9 Lille 3 - Sciences Humaines et Sociales\" href=\"http:\/\/www.univ-lille.fr\/\" target=\"_blank\" rel=\"noopener noreferrer\">Universit\u00e9 de Lille<\/a><\/p>\n<p><a title=\"Learning Center Arch\u00e9ologie \/ \u00c9gyptologie\" href=\"https:\/\/sciencesinfusent.univ-lille.fr\/\" target=\"_blank\" rel=\"noopener noreferrer\">Les sciences infusent<\/a><\/p>\n<p>Universit\u00e9 Lille <br>42 rue Paul Duez<br>59000 Lille <br>Forme juridique&nbsp;: \u00e9tablissement public \u00e0 caract\u00e8re scientifique, culturel et professionnel <br>Adresse \u00e9lectronique&nbsp;: contact<i class=\"fa fa-at\" aria-hidden=\"true\"><\/i>univ-lille<i class=\"fa fa-dot-circle-o\" aria-hidden=\"true\"><\/i>fr<br>T\u00e9l. :&nbsp; +33 (0)3 20 96 43 43<br>Fax :&nbsp;+33 (0)3 20 88 24 32<\/p>\n<p><strong>R\u00e9dacteur en chef&nbsp;:<\/strong> Camille DE VISSCHER<\/p>\n<p><strong>Webmaster&nbsp;:<\/strong> Rapha\u00ebl LECERF et Nicolas LAHOCHE<\/p>\n<p><strong>Graphiste&nbsp;:<\/strong> Sophie DOMINICUS<\/p>\n<p><strong>H\u00e9bergement du site&nbsp;:<\/strong>&nbsp;<\/p>\n<p>Centre de Ressources Informatiques<br>Universit\u00e9 de Lille<br>Domaine universitaire du \u00ab\u00a0Pont de Bois rue du Barreau<br>BP 60149,<br>59653 Lille<\/p>\n<p><strong>Cr\u00e9dits&nbsp;:<\/strong><\/p>\n<p>site d\u00e9velopp\u00e9 sous <a title=\"Wordpress France\" href=\"http:\/\/fr.wordpress.org\/\" target=\"_blank\" rel=\"noopener noreferrer\">WordPress<\/a> &#8211; utilise un template : <a title=\"WPZOOM Framework\" href=\"http:\/\/www.wpzoom.com\" target=\"_blank\" rel=\"noopener noreferrer\">WPZOOM Framework<\/a><\/p>\n<p>\u00a9 <a title=\"G\u00e9n\u00e9rateur automatique de screenshots de site web\" href=\"http:\/\/www.robothumb.com\" target=\"_blank\" rel=\"noopener noreferrer\">Robothumb <\/a><\/p>\n<p>\u00a9 <a title=\"Object2VR - Garden Gnome Software\" href=\"http:\/\/gardengnomesoftware.com\/object2vr.php\" target=\"_blank\" rel=\"noopener noreferrer\">Garden Gnome Software<\/a> \u00ab\u00a0Object2VR\u00a0\u00bb<\/p>\n<p style=\"text-align: justify;\"><strong>Conditions d\u2019utilisation<\/strong><br>Clause de non-responsabilit\u00e9<br>La responsabilit\u00e9 de<strong> l\u2019universit\u00e9 Lille <\/strong>et du <strong>Learning Center Arch\u00e9ologie\/\u00c9gyptologie<\/strong> ne peut, en aucune mani\u00e8re, \u00eatre engag\u00e9e quant au contenu des informations figurant sur ce site ou aux cons\u00e9quences pouvant r\u00e9sulter de leur utilisation ou interpr\u00e9tation.<\/p>\n<p style=\"text-align: justify;\"><strong>Propri\u00e9t\u00e9 intellectuelle<\/strong><br>Le site <strong>\u00ab&nbsp;Espace d\u00e9couverte&nbsp;: \u00c9gypte ancienne&nbsp;\u00bb<\/strong> est une \u0153uvre de cr\u00e9ation, propri\u00e9t\u00e9 exclusive de l\u2019universit\u00e9 Lille, prot\u00e9g\u00e9 par la l\u00e9gislation fran\u00e7aise et internationale sur le droit de la propri\u00e9t\u00e9 intellectuelle. Aucune reproduction ou repr\u00e9sentation ne peut \u00eatre r\u00e9alis\u00e9e en contravention avec les droits de l\u2019universit\u00e9 Lille issus de la l\u00e9gislation susvis\u00e9e.<\/p>\n<p><strong>Cr\u00e9dits photographiques<\/strong><\/p>\n<p>\u00a9 <a title=\"Learning Center Arch\u00e9ologie\/\u00c9gyptologie\" href=\"https:\/\/sciencesinfusent-decouvre-egypte.univ-lille.fr\/\" target=\"_blank\" rel=\"noopener noreferrer\">Learning Center Arch\u00e9ologie\/\u00c9gyptologie<\/a><\/p>\n<p>\u00a9 <a title=\"Universit\u00e9 Lille 3\" href=\"http:\/\/www.univ-lille.fr\" target=\"_blank\" rel=\"noopener noreferrer\">Universit\u00e9 de Lille<\/a><\/p>\n<p>\u00a9 <a title=\"Institut Halma-Ipel\" href=\"https:\/\/halma.univ-lille3.fr\" target=\"_blank\" rel=\"noopener noreferrer\">Halma-Ipel<\/a> (UMR 8164)<\/p>\n<p>\u00a9 Sophie Dominicus (dessins)<\/p>\n<p>\u00a9 <a title=\"Mus\u00e9e du Louvre\" href=\"http:\/\/www.louvre.fr\/routes\/au-temps-des-pharaons\" target=\"_blank\" rel=\"noopener noreferrer\">Mus\u00e9e du Louvre<\/a><\/p>\n<p>\u00a9 <a title=\"Institut Fran\u00e7ais d\u2019Arch\u00e9ologie Orientale (IFAO)\" href=\"http:\/\/www.ifao.egnet.net\/\" target=\"_blank\" rel=\"noopener noreferrer\">Institut Fran\u00e7ais d\u2019Arch\u00e9ologie orientale du Caire<\/a> (Ifao)<\/p>\n<p>\u00a9 <a title=\"DigitalGlobe\" href=\"http:\/\/www.digitalglobe.com\/\" target=\"_blank\" rel=\"noopener noreferrer\">DigitalGlobe<\/a><\/p>","protected":false},"excerpt":{"rendered":"<p>Photos Identit\u00e9 Universit\u00e9 de Lille Les sciences infusent Universit\u00e9 Lille 42 rue Paul Duez59000 Lille Forme juridique&nbsp;: \u00e9tablissement public \u00e0 caract\u00e8re scientifique, culturel et professionnel Adresse \u00e9lectronique&nbsp;: contactuniv-lillefrT\u00e9l. :&nbsp; +33 (0)3 20 96 43 43Fax :&nbsp;+33 (0)3 20 88 24 32 R\u00e9dacteur en chef&nbsp;: Camille DE VISSCHER Webmaster&nbsp;: Rapha\u00ebl LECERF et Nicolas LAHOCHE Graphiste&nbsp;: Sophie [&hellip;]<\/p>\n","protected":false},"author":2,"featured_media":0,"parent":0,"menu_order":0,"comment_status":"closed","ping_status":"closed","template":"template-gallery-full.php","meta":{"footnotes":""},"class_list":["post-1294","page","type-page","status-publish","hentry"],"_links":{"self":[{"href":"https:\/\/sciencesinfusent-decouvre-egypte.univ-lille.fr\/index.php\/wp-json\/wp\/v2\/pages\/1294","targetHints":{"allow":["GET"]}}],"collection":[{"href":"https:\/\/sciencesinfusent-decouvre-egypte.univ-lille.fr\/index.php\/wp-json\/wp\/v2\/pages"}],"about":[{"href":"https:\/\/sciencesinfusent-decouvre-egypte.univ-lille.fr\/index.php\/wp-json\/wp\/v2\/types\/page"}],"author":[{"embeddable":true,"href":"https:\/\/sciencesinfusent-decouvre-egypte.univ-lille.fr\/index.php\/wp-json\/wp\/v2\/users\/2"}],"replies":[{"embeddable":true,"href":"https:\/\/sciencesinfusent-decouvre-egypte.univ-lille.fr\/index.php\/wp-json\/wp\/v2\/comments?post=1294"}],"version-history":[{"count":8,"href":"https:\/\/sciencesinfusent-decouvre-egypte.univ-lille.fr\/index.php\/wp-json\/wp\/v2\/pages\/1294\/revisions"}],"predecessor-version":[{"id":2116,"href":"https:\/\/sciencesinfusent-decouvre-egypte.univ-lille.fr\/index.php\/wp-json\/wp\/v2\/pages\/1294\/revisions\/2116"}],"wp:attachment":[{"href":"https:\/\/sciencesinfusent-decouvre-egypte.univ-lille.fr\/index.php\/wp-json\/wp\/v2\/media?parent=1294"}],"curies":[{"name":"wp","href":"https:\/\/api.w.org\/{rel}","templated":true}]}}